{"id":2910,"date":"2023-03-29T12:40:00","date_gmt":"2023-03-29T12:40:00","guid":{"rendered":"https:\/\/zanellaholz.ch\/home\/"},"modified":"2026-01-29T14:04:09","modified_gmt":"2026-01-29T14:04:09","slug":"home","status":"publish","type":"page","link":"https:\/\/zanellaholz.ch\/fr\/","title":{"rendered":"Home"},"content":{"rendered":"\t\t<div data-elementor-type=\"wp-page\" data-elementor-id=\"2910\" class=\"elementor elementor-2910 elementor-10\" data-elementor-post-type=\"page\">\n\t\t\t\t<div class=\"elementor-element elementor-element-70faedb introimage e-flex e-con-boxed e-con e-parent\" data-id=\"70faedb\" data-element_type=\"container\" data-e-type=\"container\" data-settings=\"{&quot;background_background&quot;:&quot;classic&quot;}\">\n\t\t\t\t\t<div class=\"e-con-inner\">\n\t\t<div class=\"elementor-element elementor-element-978275b e-con-full elementor-hidden-desktop elementor-hidden-tablet elementor-hidden-mobile e-flex e-con e-child\" data-id=\"978275b\" data-element_type=\"container\" data-e-type=\"container\" data-settings=\"{&quot;background_background&quot;:&quot;classic&quot;,&quot;position&quot;:&quot;absolute&quot;}\">\n\t\t\t\t<div class=\"elementor-element elementor-element-0fa465d elementor-widget__width-inherit elementor-widget elementor-widget-text-editor\" data-id=\"0fa465d\" data-element_type=\"widget\" data-e-type=\"widget\" data-widget_type=\"text-editor.default\">\n\t\t\t\t<div class=\"elementor-widget-container\">\n\t\t\t\t\t\t\t\t\t<h4>Fermeture annuels<\/h4><p style=\"font-weight: 400;\">Vendredi 19 d\u00e9cembre 2025 \u00e0 partir de 17h00 jusqu&rsquo;au lundi 5 janvier 2026 \u00e0 7h00<\/p>\t\t\t\t\t\t\t\t<\/div>\n\t\t\t\t<\/div>\n\t\t\t\t<div class=\"elementor-element elementor-element-3582a15 elementor-hidden-desktop elementor-hidden-tablet elementor-hidden-mobile elementor-widget-divider--view-line elementor-widget elementor-widget-divider\" data-id=\"3582a15\" data-element_type=\"widget\" data-e-type=\"widget\" data-widget_type=\"divider.default\">\n\t\t\t\t<div class=\"elementor-widget-container\">\n\t\t\t\t\t\t\t<div class=\"elementor-divider\">\n\t\t\t<span class=\"elementor-divider-separator\">\n\t\t\t\t\t\t<\/span>\n\t\t<\/div>\n\t\t\t\t\t\t<\/div>\n\t\t\t\t<\/div>\n\t\t\t\t<div class=\"elementor-element elementor-element-caf75be elementor-widget__width-inherit elementor-hidden-desktop elementor-hidden-tablet elementor-hidden-mobile elementor-widget elementor-widget-text-editor\" data-id=\"caf75be\" data-element_type=\"widget\" data-e-type=\"widget\" data-widget_type=\"text-editor.default\">\n\t\t\t\t<div class=\"elementor-widget-container\">\n\t\t\t\t\t\t\t\t\t<h4>Journ\u00e9es du bois suisse<\/h4><p>En septembre, nous avons le plaisir de vous inviter aux Journ\u00e9es du bois suisse.<\/p><p><a href=\"https:\/\/zanellaholz.ch\/wp-content\/uploads\/2025\/08\/Invitation-Zanella-Bois.pdf\" target=\"_blank\" rel=\"noopener\">Plus d&rsquo;informations<\/a><\/p>\t\t\t\t\t\t\t\t<\/div>\n\t\t\t\t<\/div>\n\t\t\t\t<\/div>\n\t\t<div class=\"elementor-element elementor-element-23afddb e-con-full e-flex e-con e-child\" data-id=\"23afddb\" data-element_type=\"container\" data-e-type=\"container\">\n\t\t\t\t<div class=\"elementor-element elementor-element-a319ec9 elementor-widget elementor-widget-heading\" data-id=\"a319ec9\" data-element_type=\"widget\" data-e-type=\"widget\" data-widget_type=\"heading.default\">\n\t\t\t\t<div class=\"elementor-widget-container\">\n\t\t\t\t\t<h2 class=\"elementor-heading-title elementor-size-default\">Comp\u00e9tent en bois<\/h2>\t\t\t\t<\/div>\n\t\t\t\t<\/div>\n\t\t<div class=\"elementor-element elementor-element-4e025d9 introquicklink e-con-full elementor-hidden-mobile e-flex e-con e-child\" data-id=\"4e025d9\" data-element_type=\"container\" data-e-type=\"container\" data-settings=\"{&quot;animation&quot;:&quot;none&quot;,&quot;animation_delay&quot;:200}\">\n\t\t\t\t<div class=\"elementor-element elementor-element-5bfd5b6 elementor-widget__width-inherit quicklink elementor-widget elementor-widget-image\" data-id=\"5bfd5b6\" data-element_type=\"widget\" data-e-type=\"widget\" data-widget_type=\"image.default\">\n\t\t\t\t<div class=\"elementor-widget-container\">\n\t\t\t\t\t\t\t\t\t\t\t\t\t\t\t\t<a href=\"https:\/\/www.youtube.com\/watch?v=Wsf1TJiusCk\" target=\"_blank\">\n\t\t\t\t\t\t\t<img decoding=\"async\" src=\"https:\/\/zanellaholz.ch\/wp-content\/uploads\/elementor\/thumbs\/Zanella-Holz-AG-Portraitfilm-q4kjgbme6syt7sv43h3617atzshp5w5yx6471fnqmw.jpg\" title=\"Zanella-Holz-AG-Portraitfilm\" alt=\"Zanella-Holz-AG-Portraitfilm\" loading=\"lazy\" \/>\t\t\t\t\t\t\t\t<\/a>\n\t\t\t\t\t\t\t\t\t\t\t\t\t\t\t<\/div>\n\t\t\t\t<\/div>\n\t\t\t\t<div class=\"elementor-element elementor-element-88b8913 elementor-widget__width-auto elementor-widget elementor-widget-heading\" data-id=\"88b8913\" data-element_type=\"widget\" data-e-type=\"widget\" data-widget_type=\"heading.default\">\n\t\t\t\t<div class=\"elementor-widget-container\">\n\t\t\t\t\t<span class=\"elementor-heading-title elementor-size-default\"><a href=\"https:\/\/www.youtube.com\/watch?v=Wsf1TJiusCk\" target=\"_blank\">Film<\/a><\/span>\t\t\t\t<\/div>\n\t\t\t\t<\/div>\n\t\t\t\t<\/div>\n\t\t\t\t<\/div>\n\t\t\t\t\t<\/div>\n\t\t\t\t<\/div>\n\t\t<div class=\"elementor-element elementor-element-bfdb280 boxshadow e-flex e-con-boxed e-con e-parent\" data-id=\"bfdb280\" data-element_type=\"container\" data-e-type=\"container\">\n\t\t\t\t\t<div class=\"e-con-inner\">\n\t\t<div class=\"elementor-element elementor-element-0a104b0 e-con-full e-flex e-con e-child\" data-id=\"0a104b0\" data-element_type=\"container\" data-e-type=\"container\">\n\t\t\t\t<div class=\"elementor-element elementor-element-6ce409b elementor-widget elementor-widget-text-editor\" data-id=\"6ce409b\" data-element_type=\"widget\" data-e-type=\"widget\" data-widget_type=\"text-editor.default\">\n\t\t\t\t<div class=\"elementor-widget-container\">\n\t\t\t\t\t\t\t\t\t<h1>Zanella Bois SA<\/h1><p>Zanella Bois SA est un fournisseur complet dans le domaine du bois. Jour apr\u00e8s jour, dans notre scierie rationnellement \u00e9quip\u00e9e, de grandes quantit\u00e9s de mati\u00e8res premi\u00e8res locales\u00a0; \u00e9pic\u00e9a, sapin, m\u00e9l\u00e8ze, arolle et pin \u2013 sont transform\u00e9s en bois sci\u00e9 et en partie raffin\u00e9s dans notre raboterie moderne. Ce programme de production ambitieux est compl\u00e9t\u00e9 par notre n\u00e9goce de bois, \u00e0 travers lequel sont distribu\u00e9s tous types de mat\u00e9riaux d\u00e9riv\u00e9s du bois.<\/p><p>Avec notre personnel hautement qualifi\u00e9, notre parc de machines modernes et nos conseils professionnels, nous sommes votre partenaire pour les produits en bois !<\/p>\t\t\t\t\t\t\t\t<\/div>\n\t\t\t\t<\/div>\n\t\t\t\t<\/div>\n\t\t\t\t\t<\/div>\n\t\t\t\t<\/div>\n\t\t<div class=\"elementor-element elementor-element-c062175 boxshadow e-flex e-con-boxed e-con e-parent\" data-id=\"c062175\" data-element_type=\"container\" data-e-type=\"container\">\n\t\t\t\t\t<div class=\"e-con-inner\">\n\t\t<div class=\"elementor-element elementor-element-aa3ac65 e-con-full e-flex e-con e-child\" data-id=\"aa3ac65\" data-element_type=\"container\" data-e-type=\"container\">\n\t\t\t\t<div class=\"elementor-element elementor-element-e948710 elementor-widget elementor-widget-heading\" data-id=\"e948710\" data-element_type=\"widget\" data-e-type=\"widget\" data-widget_type=\"heading.default\">\n\t\t\t\t<div class=\"elementor-widget-container\">\n\t\t\t\t\t<h1 class=\"elementor-heading-title elementor-size-default\">Produits<\/h1>\t\t\t\t<\/div>\n\t\t\t\t<\/div>\n\t\t<div class=\"elementor-element elementor-element-62c8104 e-con-full e-flex e-con e-child\" data-id=\"62c8104\" data-element_type=\"container\" data-e-type=\"container\">\n\t\t<a class=\"elementor-element elementor-element-b485527 productquicklink animated-slow e-con-full e-flex elementor-invisible e-con e-child\" data-id=\"b485527\" data-element_type=\"container\" data-e-type=\"container\" data-settings=\"{&quot;animation&quot;:&quot;fadeIn&quot;}\" href=\"https:\/\/zanellaholz.ch\/fr\/scierie\/\">\n\t\t\t\t<div class=\"elementor-element elementor-element-89627eb elementor-widget__width-inherit elementor-widget elementor-widget-image\" data-id=\"89627eb\" data-element_type=\"widget\" data-e-type=\"widget\" data-widget_type=\"image.default\">\n\t\t\t\t<div class=\"elementor-widget-container\">\n\t\t\t\t\t\t\t\t\t\t\t\t\t\t\t<img decoding=\"async\" src=\"https:\/\/zanellaholz.ch\/wp-content\/uploads\/elementor\/thumbs\/2507046012-r8u6cp4nd6kxqdhfs0s2gunhqtccm7fz9bv2adl37s.jpg\" title=\"2507046012\" alt=\"2507046012\" loading=\"lazy\" \/>\t\t\t\t\t\t\t\t\t\t\t\t\t\t\t<\/div>\n\t\t\t\t<\/div>\n\t\t\t\t<div class=\"elementor-element elementor-element-59c798c elementor-widget elementor-widget-heading\" data-id=\"59c798c\" data-element_type=\"widget\" data-e-type=\"widget\" data-widget_type=\"heading.default\">\n\t\t\t\t<div class=\"elementor-widget-container\">\n\t\t\t\t\t<span class=\"elementor-heading-title elementor-size-default\">Scierie<\/span>\t\t\t\t<\/div>\n\t\t\t\t<\/div>\n\t\t\t\t<\/a>\n\t\t<a class=\"elementor-element elementor-element-b8f58cd productquicklink e-con-full e-flex elementor-invisible e-con e-child\" data-id=\"b8f58cd\" data-element_type=\"container\" data-e-type=\"container\" data-settings=\"{&quot;animation&quot;:&quot;fadeIn&quot;,&quot;animation_delay&quot;:200}\" href=\"https:\/\/zanellaholz.ch\/fr\/raboterie\/\">\n\t\t\t\t<div class=\"elementor-element elementor-element-9bed16f elementor-widget__width-inherit elementor-widget elementor-widget-image\" data-id=\"9bed16f\" data-element_type=\"widget\" data-e-type=\"widget\" data-widget_type=\"image.default\">\n\t\t\t\t<div class=\"elementor-widget-container\">\n\t\t\t\t\t\t\t\t\t\t\t\t\t\t\t<img decoding=\"async\" src=\"https:\/\/zanellaholz.ch\/wp-content\/uploads\/elementor\/thumbs\/2507046010-rafd45esdn1qnanklc0f4kpih1pnj5ngurbm5jv6a0.jpg\" title=\"2507046010\" alt=\"2507046010\" loading=\"lazy\" \/>\t\t\t\t\t\t\t\t\t\t\t\t\t\t\t<\/div>\n\t\t\t\t<\/div>\n\t\t\t\t<div class=\"elementor-element elementor-element-23b3fa0 elementor-widget elementor-widget-heading\" data-id=\"23b3fa0\" data-element_type=\"widget\" data-e-type=\"widget\" data-widget_type=\"heading.default\">\n\t\t\t\t<div class=\"elementor-widget-container\">\n\t\t\t\t\t<span class=\"elementor-heading-title elementor-size-default\">Raboterie<\/span>\t\t\t\t<\/div>\n\t\t\t\t<\/div>\n\t\t\t\t<\/a>\n\t\t<a class=\"elementor-element elementor-element-f024b89 productquicklink e-con-full e-flex elementor-invisible e-con e-child\" data-id=\"f024b89\" data-element_type=\"container\" data-e-type=\"container\" data-settings=\"{&quot;animation&quot;:&quot;fadeIn&quot;,&quot;animation_delay&quot;:400}\" href=\"https:\/\/zanellaholz.ch\/fr\/vieux-bois\/\">\n\t\t\t\t<div class=\"elementor-element elementor-element-c8e59c3 elementor-widget__width-inherit elementor-widget elementor-widget-image\" data-id=\"c8e59c3\" data-element_type=\"widget\" data-e-type=\"widget\" data-widget_type=\"image.default\">\n\t\t\t\t<div class=\"elementor-widget-container\">\n\t\t\t\t\t\t\t\t\t\t\t\t\t\t\t<img decoding=\"async\" src=\"https:\/\/zanellaholz.ch\/wp-content\/uploads\/elementor\/thumbs\/Zanella-Holz-AG-Ausstellung-Dreischichtplatte-Altholz-1-q6b6duzig8zybed95a6fz1kzs2mar87ymqki5e4oso.jpg\" title=\"Zanella-Holz-AG-Ausstellung-Dreischichtplatte-Altholz-1\" alt=\"Zanella-Holz-AG-Ausstellung-Dreischichtplatte-Altholz-1\" loading=\"lazy\" \/>\t\t\t\t\t\t\t\t\t\t\t\t\t\t\t<\/div>\n\t\t\t\t<\/div>\n\t\t\t\t<div class=\"elementor-element elementor-element-9ec0c94 elementor-widget elementor-widget-heading\" data-id=\"9ec0c94\" data-element_type=\"widget\" data-e-type=\"widget\" data-widget_type=\"heading.default\">\n\t\t\t\t<div class=\"elementor-widget-container\">\n\t\t\t\t\t<span class=\"elementor-heading-title elementor-size-default\">Vieux bois et bois vapo-trait\u00e9<\/span>\t\t\t\t<\/div>\n\t\t\t\t<\/div>\n\t\t\t\t<\/a>\n\t\t<a class=\"elementor-element elementor-element-053325a productquicklink e-con-full e-flex elementor-invisible e-con e-child\" data-id=\"053325a\" data-element_type=\"container\" data-e-type=\"container\" data-settings=\"{&quot;animation&quot;:&quot;fadeIn&quot;,&quot;animation_delay&quot;:400}\" href=\"https:\/\/zanellaholz.ch\/fr\/exposition\/\">\n\t\t\t\t<div class=\"elementor-element elementor-element-60a4d15 elementor-widget__width-inherit elementor-widget elementor-widget-image\" data-id=\"60a4d15\" data-element_type=\"widget\" data-e-type=\"widget\" data-widget_type=\"image.default\">\n\t\t\t\t<div class=\"elementor-widget-container\">\n\t\t\t\t\t\t\t\t\t\t\t\t\t\t\t<img decoding=\"async\" src=\"https:\/\/zanellaholz.ch\/wp-content\/uploads\/elementor\/thumbs\/Zanella-Holz-AG-Ausstellung-1-q4nxmegbthpgkate9ft1kkmpi8succ38rp4z89ssjs.jpg\" title=\"Zanella-Holz-AG-Ausstellung-1\" alt=\"Zanella-Holz-AG-Ausstellung-1\" loading=\"lazy\" \/>\t\t\t\t\t\t\t\t\t\t\t\t\t\t\t<\/div>\n\t\t\t\t<\/div>\n\t\t\t\t<div class=\"elementor-element elementor-element-8b0b3fd elementor-widget elementor-widget-heading\" data-id=\"8b0b3fd\" data-element_type=\"widget\" data-e-type=\"widget\" data-widget_type=\"heading.default\">\n\t\t\t\t<div class=\"elementor-widget-container\">\n\t\t\t\t\t<span class=\"elementor-heading-title elementor-size-default\">Exposition<\/span>\t\t\t\t<\/div>\n\t\t\t\t<\/div>\n\t\t\t\t<\/a>\n\t\t\t\t<\/div>\n\t\t\t\t<\/div>\n\t\t\t\t\t<\/div>\n\t\t\t\t<\/div>\n\t\t\t\t<\/div>\n\t\t","protected":false},"excerpt":{"rendered":"<p>Fermeture annuels Vendredi 19 d\u00e9cembre 2025 \u00e0 partir de 17h00 jusqu&rsquo;au lundi 5 janvier 2026 \u00e0 7h00 Journ\u00e9es du bois suisse En septembre, nous avons le plaisir de vous inviter aux Journ\u00e9es du bois suisse. Plus d&rsquo;informations Comp\u00e9tent en bois Film Zanella Bois SA Zanella Bois SA est un fournisseur complet dans le domaine du [&hellip;]<\/p>\n","protected":false},"author":1,"featured_media":0,"parent":0,"menu_order":0,"comment_status":"closed","ping_status":"closed","template":"","meta":{"_acf_changed":false,"footnotes":""},"class_list":["post-2910","page","type-page","status-publish","hentry"],"acf":[],"yoast_head":"<!-- This site is optimized with the Yoast SEO plugin v27.3 - https:\/\/yoast.com\/product\/yoast-seo-wordpress\/ -->\n<title>Home - Zanella Holz AG - Kompetent in Sachen Holz<\/title>\n<meta name=\"description\" content=\"En mati\u00e8re de bois, Zanella Holz AG est un fournisseur complet. Jour apr\u00e8s jour, la scierie rationnellement am\u00e9nag\u00e9e transforme de grandes quantit\u00e9s de mati\u00e8re premi\u00e8re locale (\u00e9pic\u00e9a, sapin, m\u00e9l\u00e8ze, arolle, pin) en bois de sciage et les affine en partie dans sa propre raboterie moderne.\" \/>\n<meta name=\"robots\" content=\"index, follow, max-snippet:-1, max-image-preview:large, max-video-preview:-1\" \/>\n<link rel=\"canonical\" href=\"https:\/\/zanellaholz.ch\/fr\/\" \/>\n<meta property=\"og:locale\" content=\"fr_FR\" \/>\n<meta property=\"og:type\" content=\"article\" \/>\n<meta property=\"og:title\" content=\"Home - Zanella Holz AG - Kompetent in Sachen Holz\" \/>\n<meta property=\"og:description\" content=\"En mati\u00e8re de bois, Zanella Holz AG est un fournisseur complet. Jour apr\u00e8s jour, la scierie rationnellement am\u00e9nag\u00e9e transforme de grandes quantit\u00e9s de mati\u00e8re premi\u00e8re locale (\u00e9pic\u00e9a, sapin, m\u00e9l\u00e8ze, arolle, pin) en bois de sciage et les affine en partie dans sa propre raboterie moderne.\" \/>\n<meta property=\"og:url\" content=\"https:\/\/zanellaholz.ch\/fr\/\" \/>\n<meta property=\"og:site_name\" content=\"Zanella Holz AG - Kompetent in Sachen Holz\" \/>\n<meta property=\"article:modified_time\" content=\"2026-01-29T14:04:09+00:00\" \/>\n<meta property=\"og:image\" content=\"https:\/\/zanellaholz.ch\/wp-content\/uploads\/elementor\/thumbs\/Zanella-Holz-AG-Portraitfilm-q4kjgbme6syt7sv43h3617atzshp5w5yx6471fnqjk.jpg\" \/>\n<meta name=\"twitter:card\" content=\"summary_large_image\" \/>\n<meta name=\"twitter:label1\" content=\"Dur\u00e9e de lecture estim\u00e9e\" \/>\n\t<meta name=\"twitter:data1\" content=\"2 minutes\" \/>\n<script type=\"application\/ld+json\" class=\"yoast-schema-graph\">{\"@context\":\"https:\\\/\\\/schema.org\",\"@graph\":[{\"@type\":\"WebPage\",\"@id\":\"https:\\\/\\\/zanellaholz.ch\\\/fr\\\/\",\"url\":\"https:\\\/\\\/zanellaholz.ch\\\/fr\\\/\",\"name\":\"Home - Zanella Holz AG - Kompetent in Sachen Holz\",\"isPartOf\":{\"@id\":\"https:\\\/\\\/zanellaholz.ch\\\/#website\"},\"primaryImageOfPage\":{\"@id\":\"https:\\\/\\\/zanellaholz.ch\\\/fr\\\/#primaryimage\"},\"image\":{\"@id\":\"https:\\\/\\\/zanellaholz.ch\\\/fr\\\/#primaryimage\"},\"thumbnailUrl\":\"https:\\\/\\\/zanellaholz.ch\\\/wp-content\\\/uploads\\\/elementor\\\/thumbs\\\/Zanella-Holz-AG-Portraitfilm-q4kjgbme6syt7sv43h3617atzshp5w5yx6471fnqjk.jpg\",\"datePublished\":\"2023-03-29T12:40:00+00:00\",\"dateModified\":\"2026-01-29T14:04:09+00:00\",\"description\":\"En mati\u00e8re de bois, Zanella Holz AG est un fournisseur complet. Jour apr\u00e8s jour, la scierie rationnellement am\u00e9nag\u00e9e transforme de grandes quantit\u00e9s de mati\u00e8re premi\u00e8re locale (\u00e9pic\u00e9a, sapin, m\u00e9l\u00e8ze, arolle, pin) en bois de sciage et les affine en partie dans sa propre raboterie moderne.\",\"breadcrumb\":{\"@id\":\"https:\\\/\\\/zanellaholz.ch\\\/fr\\\/#breadcrumb\"},\"inLanguage\":\"fr-FR\",\"potentialAction\":[{\"@type\":\"ReadAction\",\"target\":[\"https:\\\/\\\/zanellaholz.ch\\\/fr\\\/\"]}]},{\"@type\":\"ImageObject\",\"inLanguage\":\"fr-FR\",\"@id\":\"https:\\\/\\\/zanellaholz.ch\\\/fr\\\/#primaryimage\",\"url\":\"https:\\\/\\\/zanellaholz.ch\\\/wp-content\\\/uploads\\\/elementor\\\/thumbs\\\/Zanella-Holz-AG-Portraitfilm-q4kjgbme6syt7sv43h3617atzshp5w5yx6471fnqjk.jpg\",\"contentUrl\":\"https:\\\/\\\/zanellaholz.ch\\\/wp-content\\\/uploads\\\/elementor\\\/thumbs\\\/Zanella-Holz-AG-Portraitfilm-q4kjgbme6syt7sv43h3617atzshp5w5yx6471fnqjk.jpg\"},{\"@type\":\"BreadcrumbList\",\"@id\":\"https:\\\/\\\/zanellaholz.ch\\\/fr\\\/#breadcrumb\",\"itemListElement\":[{\"@type\":\"ListItem\",\"position\":1,\"name\":\"Startseite\",\"item\":\"https:\\\/\\\/zanellaholz.ch\\\/fr\\\/\"},{\"@type\":\"ListItem\",\"position\":2,\"name\":\"Home\"}]},{\"@type\":\"WebSite\",\"@id\":\"https:\\\/\\\/zanellaholz.ch\\\/#website\",\"url\":\"https:\\\/\\\/zanellaholz.ch\\\/\",\"name\":\"Zanella Holz AG - Kompetent in Sachen Holz\",\"description\":\"\",\"potentialAction\":[{\"@type\":\"SearchAction\",\"target\":{\"@type\":\"EntryPoint\",\"urlTemplate\":\"https:\\\/\\\/zanellaholz.ch\\\/?s={search_term_string}\"},\"query-input\":{\"@type\":\"PropertyValueSpecification\",\"valueRequired\":true,\"valueName\":\"search_term_string\"}}],\"inLanguage\":\"fr-FR\"}]}<\/script>\n<!-- \/ Yoast SEO plugin. -->","yoast_head_json":{"title":"Home - Zanella Holz AG - Kompetent in Sachen Holz","description":"En mati\u00e8re de bois, Zanella Holz AG est un fournisseur complet. Jour apr\u00e8s jour, la scierie rationnellement am\u00e9nag\u00e9e transforme de grandes quantit\u00e9s de mati\u00e8re premi\u00e8re locale (\u00e9pic\u00e9a, sapin, m\u00e9l\u00e8ze, arolle, pin) en bois de sciage et les affine en partie dans sa propre raboterie moderne.","robots":{"index":"index","follow":"follow","max-snippet":"max-snippet:-1","max-image-preview":"max-image-preview:large","max-video-preview":"max-video-preview:-1"},"canonical":"https:\/\/zanellaholz.ch\/fr\/","og_locale":"fr_FR","og_type":"article","og_title":"Home - Zanella Holz AG - Kompetent in Sachen Holz","og_description":"En mati\u00e8re de bois, Zanella Holz AG est un fournisseur complet. Jour apr\u00e8s jour, la scierie rationnellement am\u00e9nag\u00e9e transforme de grandes quantit\u00e9s de mati\u00e8re premi\u00e8re locale (\u00e9pic\u00e9a, sapin, m\u00e9l\u00e8ze, arolle, pin) en bois de sciage et les affine en partie dans sa propre raboterie moderne.","og_url":"https:\/\/zanellaholz.ch\/fr\/","og_site_name":"Zanella Holz AG - Kompetent in Sachen Holz","article_modified_time":"2026-01-29T14:04:09+00:00","og_image":[{"url":"https:\/\/zanellaholz.ch\/wp-content\/uploads\/elementor\/thumbs\/Zanella-Holz-AG-Portraitfilm-q4kjgbme6syt7sv43h3617atzshp5w5yx6471fnqjk.jpg","type":"","width":"","height":""}],"twitter_card":"summary_large_image","twitter_misc":{"Dur\u00e9e de lecture estim\u00e9e":"2 minutes"},"schema":{"@context":"https:\/\/schema.org","@graph":[{"@type":"WebPage","@id":"https:\/\/zanellaholz.ch\/fr\/","url":"https:\/\/zanellaholz.ch\/fr\/","name":"Home - Zanella Holz AG - Kompetent in Sachen Holz","isPartOf":{"@id":"https:\/\/zanellaholz.ch\/#website"},"primaryImageOfPage":{"@id":"https:\/\/zanellaholz.ch\/fr\/#primaryimage"},"image":{"@id":"https:\/\/zanellaholz.ch\/fr\/#primaryimage"},"thumbnailUrl":"https:\/\/zanellaholz.ch\/wp-content\/uploads\/elementor\/thumbs\/Zanella-Holz-AG-Portraitfilm-q4kjgbme6syt7sv43h3617atzshp5w5yx6471fnqjk.jpg","datePublished":"2023-03-29T12:40:00+00:00","dateModified":"2026-01-29T14:04:09+00:00","description":"En mati\u00e8re de bois, Zanella Holz AG est un fournisseur complet. Jour apr\u00e8s jour, la scierie rationnellement am\u00e9nag\u00e9e transforme de grandes quantit\u00e9s de mati\u00e8re premi\u00e8re locale (\u00e9pic\u00e9a, sapin, m\u00e9l\u00e8ze, arolle, pin) en bois de sciage et les affine en partie dans sa propre raboterie moderne.","breadcrumb":{"@id":"https:\/\/zanellaholz.ch\/fr\/#breadcrumb"},"inLanguage":"fr-FR","potentialAction":[{"@type":"ReadAction","target":["https:\/\/zanellaholz.ch\/fr\/"]}]},{"@type":"ImageObject","inLanguage":"fr-FR","@id":"https:\/\/zanellaholz.ch\/fr\/#primaryimage","url":"https:\/\/zanellaholz.ch\/wp-content\/uploads\/elementor\/thumbs\/Zanella-Holz-AG-Portraitfilm-q4kjgbme6syt7sv43h3617atzshp5w5yx6471fnqjk.jpg","contentUrl":"https:\/\/zanellaholz.ch\/wp-content\/uploads\/elementor\/thumbs\/Zanella-Holz-AG-Portraitfilm-q4kjgbme6syt7sv43h3617atzshp5w5yx6471fnqjk.jpg"},{"@type":"BreadcrumbList","@id":"https:\/\/zanellaholz.ch\/fr\/#breadcrumb","itemListElement":[{"@type":"ListItem","position":1,"name":"Startseite","item":"https:\/\/zanellaholz.ch\/fr\/"},{"@type":"ListItem","position":2,"name":"Home"}]},{"@type":"WebSite","@id":"https:\/\/zanellaholz.ch\/#website","url":"https:\/\/zanellaholz.ch\/","name":"Zanella Holz AG - Kompetent in Sachen Holz","description":"","potentialAction":[{"@type":"SearchAction","target":{"@type":"EntryPoint","urlTemplate":"https:\/\/zanellaholz.ch\/?s={search_term_string}"},"query-input":{"@type":"PropertyValueSpecification","valueRequired":true,"valueName":"search_term_string"}}],"inLanguage":"fr-FR"}]}},"_links":{"self":[{"href":"https:\/\/zanellaholz.ch\/fr\/wp-json\/wp\/v2\/pages\/2910","targetHints":{"allow":["GET"]}}],"collection":[{"href":"https:\/\/zanellaholz.ch\/fr\/wp-json\/wp\/v2\/pages"}],"about":[{"href":"https:\/\/zanellaholz.ch\/fr\/wp-json\/wp\/v2\/types\/page"}],"author":[{"embeddable":true,"href":"https:\/\/zanellaholz.ch\/fr\/wp-json\/wp\/v2\/users\/1"}],"replies":[{"embeddable":true,"href":"https:\/\/zanellaholz.ch\/fr\/wp-json\/wp\/v2\/comments?post=2910"}],"version-history":[{"count":40,"href":"https:\/\/zanellaholz.ch\/fr\/wp-json\/wp\/v2\/pages\/2910\/revisions"}],"predecessor-version":[{"id":3777,"href":"https:\/\/zanellaholz.ch\/fr\/wp-json\/wp\/v2\/pages\/2910\/revisions\/3777"}],"wp:attachment":[{"href":"https:\/\/zanellaholz.ch\/fr\/wp-json\/wp\/v2\/media?parent=2910"}],"curies":[{"name":"wp","href":"https:\/\/api.w.org\/{rel}","templated":true}]}}