{"id":3471,"date":"2024-11-29T09:18:59","date_gmt":"2024-11-29T09:18:59","guid":{"rendered":"https:\/\/zanellaholz.ch\/hobelwerk\/"},"modified":"2025-08-26T11:43:30","modified_gmt":"2025-08-26T11:43:30","slug":"raboterie","status":"publish","type":"page","link":"https:\/\/zanellaholz.ch\/fr\/raboterie\/","title":{"rendered":"Raboterie"},"content":{"rendered":"\t\t<div data-elementor-type=\"wp-page\" data-elementor-id=\"3471\" class=\"elementor elementor-3471 elementor-2613\" data-elementor-post-type=\"page\">\n\t\t\t\t<div class=\"elementor-element elementor-element-b7a6e44 e-con-full e-flex e-con e-parent\" data-id=\"b7a6e44\" data-element_type=\"container\" data-e-type=\"container\">\n\t\t\t\t<div class=\"elementor-element elementor-element-576da47 elementor--h-position-center elementor--v-position-middle elementor-arrows-position-inside elementor-pagination-position-inside elementor-widget elementor-widget-slides\" data-id=\"576da47\" data-element_type=\"widget\" data-e-type=\"widget\" data-settings=\"{&quot;navigation&quot;:&quot;both&quot;,&quot;autoplay&quot;:&quot;yes&quot;,&quot;pause_on_hover&quot;:&quot;yes&quot;,&quot;pause_on_interaction&quot;:&quot;yes&quot;,&quot;autoplay_speed&quot;:5000,&quot;infinite&quot;:&quot;yes&quot;,&quot;transition&quot;:&quot;slide&quot;,&quot;transition_speed&quot;:500}\" data-widget_type=\"slides.default\">\n\t\t\t\t<div class=\"elementor-widget-container\">\n\t\t\t\t\t\t\t\t\t<div class=\"elementor-swiper\">\n\t\t\t\t\t<div class=\"elementor-slides-wrapper elementor-main-swiper swiper\" role=\"region\" aria-roledescription=\"carousel\" aria-label=\"Slider\" dir=\"ltr\" data-animation=\"fadeInUp\">\n\t\t\t\t<div class=\"swiper-wrapper elementor-slides\">\n\t\t\t\t\t\t\t\t\t\t<div class=\"elementor-repeater-item-814db40 swiper-slide\" role=\"group\" aria-roledescription=\"slide\"><div class=\"swiper-slide-bg elementor-ken-burns elementor-ken-burns--in\" role=\"img\" aria-label=\"000-HW\"><\/div><div class=\"swiper-slide-inner\" ><div class=\"swiper-slide-contents\"><\/div><\/div><\/div><div class=\"elementor-repeater-item-aedc1af swiper-slide\" role=\"group\" aria-roledescription=\"slide\"><div class=\"swiper-slide-bg elementor-ken-burns elementor-ken-burns--in\" role=\"img\" aria-label=\"Hobelwerk-2\"><\/div><div class=\"swiper-slide-inner\" ><div class=\"swiper-slide-contents\"><\/div><\/div><\/div><div class=\"elementor-repeater-item-e090a0b swiper-slide\" role=\"group\" aria-roledescription=\"slide\"><div class=\"swiper-slide-bg elementor-ken-burns elementor-ken-burns--in\" role=\"img\" aria-label=\"Hobelwerk-3\"><\/div><div class=\"swiper-slide-inner\" ><div class=\"swiper-slide-contents\"><\/div><\/div><\/div><div class=\"elementor-repeater-item-09c48bd swiper-slide\" role=\"group\" aria-roledescription=\"slide\"><div class=\"swiper-slide-bg elementor-ken-burns elementor-ken-burns--in\" role=\"img\" aria-label=\"Hobelwerk-4\"><\/div><div class=\"swiper-slide-inner\" ><div class=\"swiper-slide-contents\"><\/div><\/div><\/div><div class=\"elementor-repeater-item-9bd4892 swiper-slide\" role=\"group\" aria-roledescription=\"slide\"><div class=\"swiper-slide-bg elementor-ken-burns elementor-ken-burns--in\" role=\"img\" aria-label=\"Hobelwerk-5\"><\/div><div class=\"swiper-slide-inner\" ><div class=\"swiper-slide-contents\"><\/div><\/div><\/div><div class=\"elementor-repeater-item-0cdf9f2 swiper-slide\" role=\"group\" aria-roledescription=\"slide\"><div class=\"swiper-slide-bg elementor-ken-burns elementor-ken-burns--in\" role=\"img\" aria-label=\"Hobelwerk-7\"><\/div><div class=\"swiper-slide-inner\" ><div class=\"swiper-slide-contents\"><\/div><\/div><\/div>\t\t\t\t<\/div>\n\t\t\t\t\t\t\t\t\t\t\t\t\t\t\t<div class=\"elementor-swiper-button elementor-swiper-button-prev\" role=\"button\" tabindex=\"0\" aria-label=\"Diapositive pr\u00e9c\u00e9dente\">\n\t\t\t\t\t\t\t<i aria-hidden=\"true\" class=\"eicon-chevron-left\"><\/i>\t\t\t\t\t\t<\/div>\n\t\t\t\t\t\t<div class=\"elementor-swiper-button elementor-swiper-button-next\" role=\"button\" tabindex=\"0\" aria-label=\"Diapositive suivante\">\n\t\t\t\t\t\t\t<i aria-hidden=\"true\" class=\"eicon-chevron-right\"><\/i>\t\t\t\t\t\t<\/div>\n\t\t\t\t\t\t\t\t\t\t\t\t\t\t\t\t<div class=\"swiper-pagination\"><\/div>\n\t\t\t\t\t\t\t\t\t\t\t\t<\/div>\n\t\t\t\t<\/div>\n\t\t\t\t\t\t\t\t<\/div>\n\t\t\t\t<\/div>\n\t\t\t\t<\/div>\n\t\t<div class=\"elementor-element elementor-element-c343c2c e-flex e-con-boxed e-con e-parent\" data-id=\"c343c2c\" data-element_type=\"container\" data-e-type=\"container\">\n\t\t\t\t\t<div class=\"e-con-inner\">\n\t\t\t\t<div class=\"elementor-element elementor-element-403dac0 elementor-widget elementor-widget-text-editor\" data-id=\"403dac0\" data-element_type=\"widget\" data-e-type=\"widget\" data-widget_type=\"text-editor.default\">\n\t\t\t\t<div class=\"elementor-widget-container\">\n\t\t\t\t\t\t\t\t\t<h1>Raboterie<\/h1><p>Dans notre raboterie, nous produisons des produits aux profils standards et sp\u00e9ciaux dans une grande vari\u00e9t\u00e9 de dimensions, avec des surfaces\u00a0; rabot\u00e9es, trait de scie visible ou bross\u00e9es, ainsi que des surfaces sp\u00e9ciales comme notre aspect valaisan.<\/p><p>Notre grand stock de mati\u00e8res premi\u00e8res bien organis\u00e9 nous permet de r\u00e9pondre rapidement et avec flexibilit\u00e9 \u00e0 vos besoins sp\u00e9cifiques, m\u00eame pour de petites s\u00e9ries.<\/p><p>Les produits rabot\u00e9s finis peuvent \u00eatre raffin\u00e9s dans notre ligne de traitement de surface avec des syst\u00e8mes de peinture \u00e0 base d\u2019eau, \u00e0 base d\u2019huile, hybrides, pr\u00e9-grisaillement ou encore des traitements sp\u00e9ciaux pour bois.<\/p><p>Dans notre vaste exposition, vous pouvez d\u00e9couvrir nos produits. Avec notre personnel qualifi\u00e9, notre parc de machines modernes et nos conseils professionnels, nous sommes votre partenaire pour les produits en bois !<\/p>\t\t\t\t\t\t\t\t<\/div>\n\t\t\t\t<\/div>\n\t\t<div class=\"elementor-element elementor-element-750b929 e-con-full e-flex e-con e-child\" data-id=\"750b929\" data-element_type=\"container\" data-e-type=\"container\">\n\t\t\t\t<div class=\"elementor-element elementor-element-ce32ef9 elementor-widget__width-initial elementor-widget-mobile__width-inherit elementor-widget elementor-widget-accordion\" data-id=\"ce32ef9\" data-element_type=\"widget\" data-e-type=\"widget\" data-widget_type=\"accordion.default\">\n\t\t\t\t<div class=\"elementor-widget-container\">\n\t\t\t\t\t\t\t<div class=\"elementor-accordion\">\n\t\t\t\t\t\t\t<div class=\"elementor-accordion-item\">\n\t\t\t\t\t<div id=\"elementor-tab-title-2161\" class=\"elementor-tab-title\" data-tab=\"1\" role=\"button\" aria-controls=\"elementor-tab-content-2161\" aria-expanded=\"false\">\n\t\t\t\t\t\t\t\t\t\t\t\t\t<span class=\"elementor-accordion-icon elementor-accordion-icon-right\" aria-hidden=\"true\">\n\t\t\t\t\t\t\t\t\t\t\t\t\t\t\t<span class=\"elementor-accordion-icon-closed\"><i class=\"fas fa-plus\"><\/i><\/span>\n\t\t\t\t\t\t\t\t<span class=\"elementor-accordion-icon-opened\"><i class=\"fas fa-minus\"><\/i><\/span>\n\t\t\t\t\t\t\t\t\t\t\t\t\t\t<\/span>\n\t\t\t\t\t\t\t\t\t\t\t\t<a class=\"elementor-accordion-title\" tabindex=\"0\">Origine des mati\u00e8res premi\u00e8res :<\/a>\n\t\t\t\t\t<\/div>\n\t\t\t\t\t<div id=\"elementor-tab-content-2161\" class=\"elementor-tab-content elementor-clearfix\" data-tab=\"1\" role=\"region\" aria-labelledby=\"elementor-tab-title-2161\"><ul><li><p>Bois CH : \u00e9pic\u00e9a, sapin, m\u00e9l\u00e8ze, arolle<\/p><\/li><li><p>Bois r\u00e9sineux UE : \u00e9pic\u00e9a nordique, sapin nordique, m\u00e9l\u00e8ze europ\u00e9en, fr\u00eane thermo-trait\u00e9<\/p><\/li><li><p>Am\u00e9rique du Nord : c\u00e8dre rouge<\/p><\/li><li><p>Am\u00e9rique du Sud : IPE<\/p><\/li><\/ul><\/div>\n\t\t\t\t<\/div>\n\t\t\t\t\t\t\t\t<\/div>\n\t\t\t\t\t\t<\/div>\n\t\t\t\t<\/div>\n\t\t\t\t<div class=\"elementor-element elementor-element-dd10c4c elementor-widget elementor-widget-image\" data-id=\"dd10c4c\" data-element_type=\"widget\" data-e-type=\"widget\" data-widget_type=\"image.default\">\n\t\t\t\t<div class=\"elementor-widget-container\">\n\t\t\t\t\t\t\t\t\t\t\t\t\t\t\t\t<a href=\"https:\/\/zanellaholz.ch\/wp-content\/uploads\/2025\/08\/Lignum-Zertifikat-Hobelwerk-2027.pdf\" target=\"_blank\">\n\t\t\t\t\t\t\t<img decoding=\"async\" width=\"344\" height=\"110\" src=\"https:\/\/zanellaholz.ch\/wp-content\/uploads\/2024\/10\/Label-schweizer-holz.svg\" class=\"attachment-large size-large wp-image-2466\" alt=\"\" \/>\t\t\t\t\t\t\t\t<\/a>\n\t\t\t\t\t\t\t\t\t\t\t\t\t\t\t<\/div>\n\t\t\t\t<\/div>\n\t\t\t\t<\/div>\n\t\t\t\t\t<\/div>\n\t\t\t\t<\/div>\n\t\t<div class=\"elementor-element elementor-element-c062175 boxshadow e-flex e-con-boxed e-con e-parent\" data-id=\"c062175\" data-element_type=\"container\" data-e-type=\"container\">\n\t\t\t\t\t<div class=\"e-con-inner\">\n\t\t<div class=\"elementor-element elementor-element-aa3ac65 e-con-full e-flex e-con e-child\" data-id=\"aa3ac65\" data-element_type=\"container\" data-e-type=\"container\">\n\t\t<div class=\"elementor-element elementor-element-9da800b e-con-full e-flex e-con e-child\" data-id=\"9da800b\" data-element_type=\"container\" data-e-type=\"container\">\n\t\t\t\t<div class=\"elementor-element elementor-element-a806dc0 elementor-widget elementor-widget-heading\" data-id=\"a806dc0\" data-element_type=\"widget\" data-e-type=\"widget\" data-widget_type=\"heading.default\">\n\t\t\t\t<div class=\"elementor-widget-container\">\n\t\t\t\t\t<h1 class=\"elementor-heading-title elementor-size-default\">Produits<\/h1>\t\t\t\t<\/div>\n\t\t\t\t<\/div>\n\t\t<div class=\"elementor-element elementor-element-278f0c2 e-con-full e-grid e-con e-child\" data-id=\"278f0c2\" data-element_type=\"container\" data-e-type=\"container\">\n\t\t<a class=\"elementor-element elementor-element-0dda05b productquicklink e-con-full e-flex elementor-invisible e-con e-child\" data-id=\"0dda05b\" data-element_type=\"container\" data-e-type=\"container\" data-settings=\"{&quot;animation&quot;:&quot;fadeIn&quot;,&quot;animation_delay&quot;:200}\" href=\"https:\/\/zanellaholz.ch\/fr\/raboterie\/facade-en-bois\/\">\n\t\t\t\t<div class=\"elementor-element elementor-element-25a9ad9 elementor-widget__width-inherit elementor-widget elementor-widget-image\" data-id=\"25a9ad9\" data-element_type=\"widget\" data-e-type=\"widget\" data-widget_type=\"image.default\">\n\t\t\t\t<div class=\"elementor-widget-container\">\n\t\t\t\t\t\t\t\t\t\t\t\t\t\t\t<img decoding=\"async\" src=\"https:\/\/zanellaholz.ch\/wp-content\/uploads\/elementor\/thumbs\/Fassadenschalung-1-rahjlp7ajx0gswdwd6y8w22nbkxqwfvznxjpege83s.webp\" title=\"Fassadenschalung 1\" alt=\"Fassadenschalung 1\" loading=\"lazy\" \/>\t\t\t\t\t\t\t\t\t\t\t\t\t\t\t<\/div>\n\t\t\t\t<\/div>\n\t\t\t\t<div class=\"elementor-element elementor-element-f153e5b elementor-widget elementor-widget-heading\" data-id=\"f153e5b\" data-element_type=\"widget\" data-e-type=\"widget\" data-widget_type=\"heading.default\">\n\t\t\t\t<div class=\"elementor-widget-container\">\n\t\t\t\t\t<span class=\"elementor-heading-title elementor-size-default\">Fa\u00e7ade en bois<\/span>\t\t\t\t<\/div>\n\t\t\t\t<\/div>\n\t\t\t\t<\/a>\n\t\t<a class=\"elementor-element elementor-element-fb63b57 productquicklink e-con-full e-flex elementor-invisible e-con e-child\" data-id=\"fb63b57\" data-element_type=\"container\" data-e-type=\"container\" data-settings=\"{&quot;animation&quot;:&quot;fadeIn&quot;,&quot;animation_delay&quot;:400}\" href=\"https:\/\/zanellaholz.ch\/fr\/raboterie\/lambris-interieur-en-bois\/\">\n\t\t\t\t<div class=\"elementor-element elementor-element-b5cb068 elementor-widget__width-inherit elementor-widget elementor-widget-image\" data-id=\"b5cb068\" data-element_type=\"widget\" data-e-type=\"widget\" data-widget_type=\"image.default\">\n\t\t\t\t<div class=\"elementor-widget-container\">\n\t\t\t\t\t\t\t\t\t\t\t\t\t\t\t<img decoding=\"async\" src=\"https:\/\/zanellaholz.ch\/wp-content\/uploads\/elementor\/thumbs\/Innentaefer-00-rakogi00lkoh0oxxguzhobo56lww33x7wxa7l6fvrc.jpg\" title=\"Innenta\u0308fer 00\" alt=\"Innenta\u0308fer 00\" loading=\"lazy\" \/>\t\t\t\t\t\t\t\t\t\t\t\t\t\t\t<\/div>\n\t\t\t\t<\/div>\n\t\t\t\t<div class=\"elementor-element elementor-element-c2fd5d1 elementor-widget elementor-widget-heading\" data-id=\"c2fd5d1\" data-element_type=\"widget\" data-e-type=\"widget\" data-widget_type=\"heading.default\">\n\t\t\t\t<div class=\"elementor-widget-container\">\n\t\t\t\t\t<span class=\"elementor-heading-title elementor-size-default\">Lambris int\u00e9rieur<\/span>\t\t\t\t<\/div>\n\t\t\t\t<\/div>\n\t\t\t\t<\/a>\n\t\t<a class=\"elementor-element elementor-element-ce4b227 productquicklink e-con-full e-flex elementor-invisible e-con e-child\" data-id=\"ce4b227\" data-element_type=\"container\" data-e-type=\"container\" data-settings=\"{&quot;animation&quot;:&quot;fadeIn&quot;,&quot;animation_delay&quot;:400}\" href=\"https:\/\/zanellaholz.ch\/fr\/raboterie\/planchers-de-terrasse-en-bois\/\">\n\t\t\t\t<div class=\"elementor-element elementor-element-3da89ee elementor-widget__width-inherit elementor-widget elementor-widget-image\" data-id=\"3da89ee\" data-element_type=\"widget\" data-e-type=\"widget\" data-widget_type=\"image.default\">\n\t\t\t\t<div class=\"elementor-widget-container\">\n\t\t\t\t\t\t\t\t\t\t\t\t\t\t\t<img decoding=\"async\" src=\"https:\/\/zanellaholz.ch\/wp-content\/uploads\/elementor\/thumbs\/BODEN-Laerche-02-rakmyx771jc38urmbp91juea7xzpc780jqlutdvqfc.jpg\" title=\"Zanella Holz AG\" alt=\"Zanella Holz AG\" loading=\"lazy\" \/>\t\t\t\t\t\t\t\t\t\t\t\t\t\t\t<\/div>\n\t\t\t\t<\/div>\n\t\t\t\t<div class=\"elementor-element elementor-element-eed0ac3 elementor-widget elementor-widget-heading\" data-id=\"eed0ac3\" data-element_type=\"widget\" data-e-type=\"widget\" data-widget_type=\"heading.default\">\n\t\t\t\t<div class=\"elementor-widget-container\">\n\t\t\t\t\t<span class=\"elementor-heading-title elementor-size-default\">Planchers de terrasse<\/span>\t\t\t\t<\/div>\n\t\t\t\t<\/div>\n\t\t\t\t<\/a>\n\t\t\t\t<\/div>\n\t\t\t\t<\/div>\n\t\t\t\t<\/div>\n\t\t\t\t\t<\/div>\n\t\t\t\t<\/div>\n\t\t<div class=\"elementor-element elementor-element-940d185 e-flex e-con-boxed e-con e-parent\" data-id=\"940d185\" data-element_type=\"container\" data-e-type=\"container\">\n\t\t\t\t\t<div class=\"e-con-inner\">\n\t\t<div class=\"elementor-element elementor-element-6b2f07c e-con-full e-flex e-con e-child\" data-id=\"6b2f07c\" data-element_type=\"container\" data-e-type=\"container\">\n\t\t<div class=\"elementor-element elementor-element-919ed6d e-con-full e-flex e-con e-child\" data-id=\"919ed6d\" data-element_type=\"container\" data-e-type=\"container\">\n\t\t<a class=\"elementor-element elementor-element-875d22f productquicklink e-con-full e-flex elementor-invisible e-con e-child\" data-id=\"875d22f\" data-element_type=\"container\" data-e-type=\"container\" data-settings=\"{&quot;animation&quot;:&quot;fadeIn&quot;}\" href=\"https:\/\/zanellaholz.ch\/wp-content\/uploads\/2025\/06\/Zanella-AG-liste-des-profils.pdf\" target=\"_blank\">\n\t\t\t\t<div class=\"elementor-element elementor-element-76887ac elementor-widget__width-inherit elementor-widget elementor-widget-image\" data-id=\"76887ac\" data-element_type=\"widget\" data-e-type=\"widget\" data-widget_type=\"image.default\">\n\t\t\t\t<div class=\"elementor-widget-container\">\n\t\t\t\t\t\t\t\t\t\t\t\t\t\t\t<img decoding=\"async\" src=\"https:\/\/zanellaholz.ch\/wp-content\/uploads\/elementor\/thumbs\/Zanella-Holz-AG-Profilliste-rahjjdjnnnty3lrexosg856mgae2vdnvofhhotu9hk.jpg\" title=\"Zanella-Holz-AG-Profilliste\" alt=\"Zanella-Holz-AG-Profilliste\" loading=\"lazy\" \/>\t\t\t\t\t\t\t\t\t\t\t\t\t\t\t<\/div>\n\t\t\t\t<\/div>\n\t\t\t\t<div class=\"elementor-element elementor-element-2e6157b elementor-widget elementor-widget-heading\" data-id=\"2e6157b\" data-element_type=\"widget\" data-e-type=\"widget\" data-widget_type=\"heading.default\">\n\t\t\t\t<div class=\"elementor-widget-container\">\n\t\t\t\t\t<span class=\"elementor-heading-title elementor-size-default\">Liste de profiles<\/span>\t\t\t\t<\/div>\n\t\t\t\t<\/div>\n\t\t\t\t<\/a>\n\t\t<a class=\"elementor-element elementor-element-12aa3a2 productquicklink e-con-full e-flex elementor-invisible e-con e-child\" data-id=\"12aa3a2\" data-element_type=\"container\" data-e-type=\"container\" data-settings=\"{&quot;animation&quot;:&quot;fadeIn&quot;}\" href=\"https:\/\/zanellaholz.ch\/fr\/surfaces\/\">\n\t\t\t\t<div class=\"elementor-element elementor-element-8e8ebb4 elementor-widget__width-inherit elementor-widget elementor-widget-image\" data-id=\"8e8ebb4\" data-element_type=\"widget\" data-e-type=\"widget\" data-widget_type=\"image.default\">\n\t\t\t\t<div class=\"elementor-widget-container\">\n\t\t\t\t\t\t\t\t\t\t\t\t\t\t\t<img decoding=\"async\" src=\"https:\/\/zanellaholz.ch\/wp-content\/uploads\/elementor\/thumbs\/Zanella-Holz-AG-Oberflaechen-rahjkztnfe1q3ferhdzbiqh7a6eu4m38kfxlfzfurs.jpg\" title=\"Zanella-Holz-AG-Oberfla\u0308chen\" alt=\"Zanella-Holz-AG-Oberfla\u0308chen\" loading=\"lazy\" \/>\t\t\t\t\t\t\t\t\t\t\t\t\t\t\t<\/div>\n\t\t\t\t<\/div>\n\t\t\t\t<div class=\"elementor-element elementor-element-23b8357 elementor-widget elementor-widget-heading\" data-id=\"23b8357\" data-element_type=\"widget\" data-e-type=\"widget\" data-widget_type=\"heading.default\">\n\t\t\t\t<div class=\"elementor-widget-container\">\n\t\t\t\t\t<span class=\"elementor-heading-title elementor-size-default\">Surfaces<\/span>\t\t\t\t<\/div>\n\t\t\t\t<\/div>\n\t\t\t\t<\/a>\n\t\t<a class=\"elementor-element elementor-element-d50f991 productquicklink e-con-full e-flex elementor-invisible e-con e-child\" data-id=\"d50f991\" data-element_type=\"container\" data-e-type=\"container\" data-settings=\"{&quot;animation&quot;:&quot;fadeIn&quot;,&quot;animation_delay&quot;:200}\" href=\"https:\/\/zanellaholz.ch\/fr\/traitements-de-surface\/\">\n\t\t\t\t<div class=\"elementor-element elementor-element-9a67a6c elementor-widget__width-inherit elementor-widget elementor-widget-image\" data-id=\"9a67a6c\" data-element_type=\"widget\" data-e-type=\"widget\" data-widget_type=\"image.default\">\n\t\t\t\t<div class=\"elementor-widget-container\">\n\t\t\t\t\t\t\t\t\t\t\t\t\t\t\t<img decoding=\"async\" src=\"https:\/\/zanellaholz.ch\/wp-content\/uploads\/elementor\/thumbs\/Behandlung-Kreis-scaled-rahjszg9iozgs3sytub5ppw92315jzt3nzk6anldvs.jpg\" title=\"Behandlung Kreis\" alt=\"Behandlung Kreis\" loading=\"lazy\" \/>\t\t\t\t\t\t\t\t\t\t\t\t\t\t\t<\/div>\n\t\t\t\t<\/div>\n\t\t\t\t<div class=\"elementor-element elementor-element-907573b elementor-widget elementor-widget-heading\" data-id=\"907573b\" data-element_type=\"widget\" data-e-type=\"widget\" data-widget_type=\"heading.default\">\n\t\t\t\t<div class=\"elementor-widget-container\">\n\t\t\t\t\t<span class=\"elementor-heading-title elementor-size-default\">Traitements de surface<\/span>\t\t\t\t<\/div>\n\t\t\t\t<\/div>\n\t\t\t\t<\/a>\n\t\t\t\t<\/div>\n\t\t\t\t<\/div>\n\t\t\t\t\t<\/div>\n\t\t\t\t<\/div>\n\t\t\t\t<\/div>\n\t\t","protected":false},"excerpt":{"rendered":"<p>Raboterie Dans notre raboterie, nous produisons des produits aux profils standards et sp\u00e9ciaux dans une grande vari\u00e9t\u00e9 de dimensions, avec des surfaces\u00a0; rabot\u00e9es, trait de scie visible ou bross\u00e9es, ainsi que des surfaces sp\u00e9ciales comme notre aspect valaisan. Notre grand stock de mati\u00e8res premi\u00e8res bien organis\u00e9 nous permet de r\u00e9pondre rapidement et avec flexibilit\u00e9 \u00e0 [&hellip;]<\/p>\n","protected":false},"author":1,"featured_media":0,"parent":0,"menu_order":0,"comment_status":"closed","ping_status":"closed","template":"","meta":{"_acf_changed":false,"footnotes":""},"class_list":["post-3471","page","type-page","status-publish","hentry"],"acf":[],"yoast_head":"<!-- This site is optimized with the Yoast SEO plugin v27.4 - https:\/\/yoast.com\/product\/yoast-seo-wordpress\/ -->\n<title>Raboterie - Zanella Holz AG - Kompetent in Sachen Holz<\/title>\n<meta name=\"robots\" content=\"index, follow, max-snippet:-1, max-image-preview:large, max-video-preview:-1\" \/>\n<link rel=\"canonical\" href=\"https:\/\/zanellaholz.ch\/fr\/raboterie\/\" \/>\n<meta property=\"og:locale\" content=\"fr_FR\" \/>\n<meta property=\"og:type\" content=\"article\" \/>\n<meta property=\"og:title\" content=\"Raboterie - Zanella Holz AG - Kompetent in Sachen Holz\" \/>\n<meta property=\"og:description\" content=\"Raboterie Dans notre raboterie, nous produisons des produits aux profils standards et sp\u00e9ciaux dans une grande vari\u00e9t\u00e9 de dimensions, avec des surfaces\u00a0; rabot\u00e9es, trait de scie visible ou bross\u00e9es, ainsi que des surfaces sp\u00e9ciales comme notre aspect valaisan. Notre grand stock de mati\u00e8res premi\u00e8res bien organis\u00e9 nous permet de r\u00e9pondre rapidement et avec flexibilit\u00e9 \u00e0 [&hellip;]\" \/>\n<meta property=\"og:url\" content=\"https:\/\/zanellaholz.ch\/fr\/raboterie\/\" \/>\n<meta property=\"og:site_name\" content=\"Zanella Holz AG - Kompetent in Sachen Holz\" \/>\n<meta property=\"article:modified_time\" content=\"2025-08-26T11:43:30+00:00\" \/>\n<meta property=\"og:image\" content=\"https:\/\/zanellaholz.ch\/wp-content\/uploads\/2024\/10\/Label-schweizer-holz.svg\" \/>\n<meta name=\"twitter:card\" content=\"summary_large_image\" \/>\n<meta name=\"twitter:label1\" content=\"Dur\u00e9e de lecture estim\u00e9e\" \/>\n\t<meta name=\"twitter:data1\" content=\"3 minutes\" \/>\n<script type=\"application\/ld+json\" class=\"yoast-schema-graph\">{\"@context\":\"https:\\\/\\\/schema.org\",\"@graph\":[{\"@type\":\"WebPage\",\"@id\":\"https:\\\/\\\/zanellaholz.ch\\\/fr\\\/raboterie\\\/\",\"url\":\"https:\\\/\\\/zanellaholz.ch\\\/fr\\\/raboterie\\\/\",\"name\":\"Raboterie - Zanella Holz AG - Kompetent in Sachen Holz\",\"isPartOf\":{\"@id\":\"https:\\\/\\\/zanellaholz.ch\\\/#website\"},\"primaryImageOfPage\":{\"@id\":\"https:\\\/\\\/zanellaholz.ch\\\/fr\\\/raboterie\\\/#primaryimage\"},\"image\":{\"@id\":\"https:\\\/\\\/zanellaholz.ch\\\/fr\\\/raboterie\\\/#primaryimage\"},\"thumbnailUrl\":\"https:\\\/\\\/zanellaholz.ch\\\/wp-content\\\/uploads\\\/2024\\\/10\\\/Label-schweizer-holz.svg\",\"datePublished\":\"2024-11-29T09:18:59+00:00\",\"dateModified\":\"2025-08-26T11:43:30+00:00\",\"breadcrumb\":{\"@id\":\"https:\\\/\\\/zanellaholz.ch\\\/fr\\\/raboterie\\\/#breadcrumb\"},\"inLanguage\":\"fr-FR\",\"potentialAction\":[{\"@type\":\"ReadAction\",\"target\":[\"https:\\\/\\\/zanellaholz.ch\\\/fr\\\/raboterie\\\/\"]}]},{\"@type\":\"ImageObject\",\"inLanguage\":\"fr-FR\",\"@id\":\"https:\\\/\\\/zanellaholz.ch\\\/fr\\\/raboterie\\\/#primaryimage\",\"url\":\"https:\\\/\\\/zanellaholz.ch\\\/wp-content\\\/uploads\\\/2024\\\/10\\\/Label-schweizer-holz.svg\",\"contentUrl\":\"https:\\\/\\\/zanellaholz.ch\\\/wp-content\\\/uploads\\\/2024\\\/10\\\/Label-schweizer-holz.svg\"},{\"@type\":\"BreadcrumbList\",\"@id\":\"https:\\\/\\\/zanellaholz.ch\\\/fr\\\/raboterie\\\/#breadcrumb\",\"itemListElement\":[{\"@type\":\"ListItem\",\"position\":1,\"name\":\"Startseite\",\"item\":\"https:\\\/\\\/zanellaholz.ch\\\/fr\\\/\"},{\"@type\":\"ListItem\",\"position\":2,\"name\":\"Raboterie\"}]},{\"@type\":\"WebSite\",\"@id\":\"https:\\\/\\\/zanellaholz.ch\\\/#website\",\"url\":\"https:\\\/\\\/zanellaholz.ch\\\/\",\"name\":\"Zanella Holz AG - Kompetent in Sachen Holz\",\"description\":\"\",\"potentialAction\":[{\"@type\":\"SearchAction\",\"target\":{\"@type\":\"EntryPoint\",\"urlTemplate\":\"https:\\\/\\\/zanellaholz.ch\\\/?s={search_term_string}\"},\"query-input\":{\"@type\":\"PropertyValueSpecification\",\"valueRequired\":true,\"valueName\":\"search_term_string\"}}],\"inLanguage\":\"fr-FR\"}]}<\/script>\n<!-- \/ Yoast SEO plugin. -->","yoast_head_json":{"title":"Raboterie - Zanella Holz AG - Kompetent in Sachen Holz","robots":{"index":"index","follow":"follow","max-snippet":"max-snippet:-1","max-image-preview":"max-image-preview:large","max-video-preview":"max-video-preview:-1"},"canonical":"https:\/\/zanellaholz.ch\/fr\/raboterie\/","og_locale":"fr_FR","og_type":"article","og_title":"Raboterie - Zanella Holz AG - Kompetent in Sachen Holz","og_description":"Raboterie Dans notre raboterie, nous produisons des produits aux profils standards et sp\u00e9ciaux dans une grande vari\u00e9t\u00e9 de dimensions, avec des surfaces\u00a0; rabot\u00e9es, trait de scie visible ou bross\u00e9es, ainsi que des surfaces sp\u00e9ciales comme notre aspect valaisan. Notre grand stock de mati\u00e8res premi\u00e8res bien organis\u00e9 nous permet de r\u00e9pondre rapidement et avec flexibilit\u00e9 \u00e0 [&hellip;]","og_url":"https:\/\/zanellaholz.ch\/fr\/raboterie\/","og_site_name":"Zanella Holz AG - Kompetent in Sachen Holz","article_modified_time":"2025-08-26T11:43:30+00:00","og_image":[{"url":"https:\/\/zanellaholz.ch\/wp-content\/uploads\/2024\/10\/Label-schweizer-holz.svg","type":"","width":"","height":""}],"twitter_card":"summary_large_image","twitter_misc":{"Dur\u00e9e de lecture estim\u00e9e":"3 minutes"},"schema":{"@context":"https:\/\/schema.org","@graph":[{"@type":"WebPage","@id":"https:\/\/zanellaholz.ch\/fr\/raboterie\/","url":"https:\/\/zanellaholz.ch\/fr\/raboterie\/","name":"Raboterie - Zanella Holz AG - Kompetent in Sachen Holz","isPartOf":{"@id":"https:\/\/zanellaholz.ch\/#website"},"primaryImageOfPage":{"@id":"https:\/\/zanellaholz.ch\/fr\/raboterie\/#primaryimage"},"image":{"@id":"https:\/\/zanellaholz.ch\/fr\/raboterie\/#primaryimage"},"thumbnailUrl":"https:\/\/zanellaholz.ch\/wp-content\/uploads\/2024\/10\/Label-schweizer-holz.svg","datePublished":"2024-11-29T09:18:59+00:00","dateModified":"2025-08-26T11:43:30+00:00","breadcrumb":{"@id":"https:\/\/zanellaholz.ch\/fr\/raboterie\/#breadcrumb"},"inLanguage":"fr-FR","potentialAction":[{"@type":"ReadAction","target":["https:\/\/zanellaholz.ch\/fr\/raboterie\/"]}]},{"@type":"ImageObject","inLanguage":"fr-FR","@id":"https:\/\/zanellaholz.ch\/fr\/raboterie\/#primaryimage","url":"https:\/\/zanellaholz.ch\/wp-content\/uploads\/2024\/10\/Label-schweizer-holz.svg","contentUrl":"https:\/\/zanellaholz.ch\/wp-content\/uploads\/2024\/10\/Label-schweizer-holz.svg"},{"@type":"BreadcrumbList","@id":"https:\/\/zanellaholz.ch\/fr\/raboterie\/#breadcrumb","itemListElement":[{"@type":"ListItem","position":1,"name":"Startseite","item":"https:\/\/zanellaholz.ch\/fr\/"},{"@type":"ListItem","position":2,"name":"Raboterie"}]},{"@type":"WebSite","@id":"https:\/\/zanellaholz.ch\/#website","url":"https:\/\/zanellaholz.ch\/","name":"Zanella Holz AG - Kompetent in Sachen Holz","description":"","potentialAction":[{"@type":"SearchAction","target":{"@type":"EntryPoint","urlTemplate":"https:\/\/zanellaholz.ch\/?s={search_term_string}"},"query-input":{"@type":"PropertyValueSpecification","valueRequired":true,"valueName":"search_term_string"}}],"inLanguage":"fr-FR"}]}},"_links":{"self":[{"href":"https:\/\/zanellaholz.ch\/fr\/wp-json\/wp\/v2\/pages\/3471","targetHints":{"allow":["GET"]}}],"collection":[{"href":"https:\/\/zanellaholz.ch\/fr\/wp-json\/wp\/v2\/pages"}],"about":[{"href":"https:\/\/zanellaholz.ch\/fr\/wp-json\/wp\/v2\/types\/page"}],"author":[{"embeddable":true,"href":"https:\/\/zanellaholz.ch\/fr\/wp-json\/wp\/v2\/users\/1"}],"replies":[{"embeddable":true,"href":"https:\/\/zanellaholz.ch\/fr\/wp-json\/wp\/v2\/comments?post=3471"}],"version-history":[{"count":17,"href":"https:\/\/zanellaholz.ch\/fr\/wp-json\/wp\/v2\/pages\/3471\/revisions"}],"predecessor-version":[{"id":3660,"href":"https:\/\/zanellaholz.ch\/fr\/wp-json\/wp\/v2\/pages\/3471\/revisions\/3660"}],"wp:attachment":[{"href":"https:\/\/zanellaholz.ch\/fr\/wp-json\/wp\/v2\/media?parent=3471"}],"curies":[{"name":"wp","href":"https:\/\/api.w.org\/{rel}","templated":true}]}}