{"id":3483,"date":"2025-06-30T13:28:55","date_gmt":"2025-06-30T13:28:55","guid":{"rendered":"https:\/\/zanellaholz.ch\/oberflachen\/"},"modified":"2025-08-25T07:40:29","modified_gmt":"2025-08-25T07:40:29","slug":"surfaces","status":"publish","type":"page","link":"https:\/\/zanellaholz.ch\/fr\/surfaces\/","title":{"rendered":"Surfaces"},"content":{"rendered":"\t\t<div data-elementor-type=\"wp-page\" data-elementor-id=\"3483\" class=\"elementor elementor-3483 elementor-2707\" data-elementor-post-type=\"page\">\n\t\t\t\t<div class=\"elementor-element elementor-element-a9f5799 e-con-full e-flex e-con e-parent\" data-id=\"a9f5799\" data-element_type=\"container\" data-e-type=\"container\">\n\t\t\t\t<div class=\"elementor-element elementor-element-48f9c83 elementor--h-position-center elementor--v-position-middle elementor-arrows-position-inside elementor-pagination-position-inside elementor-widget elementor-widget-slides\" data-id=\"48f9c83\" data-element_type=\"widget\" data-e-type=\"widget\" data-settings=\"{&quot;navigation&quot;:&quot;both&quot;,&quot;autoplay&quot;:&quot;yes&quot;,&quot;pause_on_hover&quot;:&quot;yes&quot;,&quot;pause_on_interaction&quot;:&quot;yes&quot;,&quot;autoplay_speed&quot;:5000,&quot;infinite&quot;:&quot;yes&quot;,&quot;transition&quot;:&quot;slide&quot;,&quot;transition_speed&quot;:500}\" data-widget_type=\"slides.default\">\n\t\t\t\t<div class=\"elementor-widget-container\">\n\t\t\t\t\t\t\t\t\t<div class=\"elementor-swiper\">\n\t\t\t\t\t<div class=\"elementor-slides-wrapper elementor-main-swiper swiper\" role=\"region\" aria-roledescription=\"carousel\" aria-label=\"Slider\" dir=\"ltr\" data-animation=\"fadeInUp\">\n\t\t\t\t<div class=\"swiper-wrapper elementor-slides\">\n\t\t\t\t\t\t\t\t\t\t<div class=\"elementor-repeater-item-814db40 swiper-slide\" role=\"group\" aria-roledescription=\"slide\"><div class=\"swiper-slide-bg elementor-ken-burns elementor-ken-burns--in\" role=\"img\" aria-label=\"Zanella-Holz-AG-Bretter-Slider-1\"><\/div><div class=\"swiper-slide-inner\" ><div class=\"swiper-slide-contents\"><\/div><\/div><\/div><div class=\"elementor-repeater-item-670d452 swiper-slide\" role=\"group\" aria-roledescription=\"slide\"><div class=\"swiper-slide-bg elementor-ken-burns elementor-ken-burns--in\" role=\"img\" aria-label=\"Zanella-Holz-AG-Bretter-Slider-2\"><\/div><div class=\"swiper-slide-inner\" ><div class=\"swiper-slide-contents\"><\/div><\/div><\/div><div class=\"elementor-repeater-item-700d229 swiper-slide\" role=\"group\" aria-roledescription=\"slide\"><div class=\"swiper-slide-bg elementor-ken-burns elementor-ken-burns--in\" role=\"img\" aria-label=\"Zanella-Holz-AG-Bretter-Slider-3\"><\/div><div class=\"swiper-slide-inner\" ><div class=\"swiper-slide-contents\"><\/div><\/div><\/div><div class=\"elementor-repeater-item-20fa47d swiper-slide\" role=\"group\" aria-roledescription=\"slide\"><div class=\"swiper-slide-bg elementor-ken-burns elementor-ken-burns--in\" role=\"img\" aria-label=\"Zanella-Holz-AG-Bretter-Slider-4\"><\/div><div class=\"swiper-slide-inner\" ><div class=\"swiper-slide-contents\"><\/div><\/div><\/div>\t\t\t\t<\/div>\n\t\t\t\t\t\t\t\t\t\t\t\t\t\t\t<div class=\"elementor-swiper-button elementor-swiper-button-prev\" role=\"button\" tabindex=\"0\" aria-label=\"Diapositive pr\u00e9c\u00e9dente\">\n\t\t\t\t\t\t\t<i aria-hidden=\"true\" class=\"eicon-chevron-left\"><\/i>\t\t\t\t\t\t<\/div>\n\t\t\t\t\t\t<div class=\"elementor-swiper-button elementor-swiper-button-next\" role=\"button\" tabindex=\"0\" aria-label=\"Diapositive suivante\">\n\t\t\t\t\t\t\t<i aria-hidden=\"true\" class=\"eicon-chevron-right\"><\/i>\t\t\t\t\t\t<\/div>\n\t\t\t\t\t\t\t\t\t\t\t\t\t\t\t\t<div class=\"swiper-pagination\"><\/div>\n\t\t\t\t\t\t\t\t\t\t\t\t<\/div>\n\t\t\t\t<\/div>\n\t\t\t\t\t\t\t\t<\/div>\n\t\t\t\t<\/div>\n\t\t\t\t<\/div>\n\t\t<div class=\"elementor-element elementor-element-0e65f48 e-flex e-con-boxed e-con e-parent\" data-id=\"0e65f48\" data-element_type=\"container\" data-e-type=\"container\">\n\t\t\t\t\t<div class=\"e-con-inner\">\n\t\t<div class=\"elementor-element elementor-element-2cdeefa e-con-full e-flex e-con e-child\" data-id=\"2cdeefa\" data-element_type=\"container\" data-e-type=\"container\">\n\t\t\t\t<div class=\"elementor-element elementor-element-8a87095 elementor-widget elementor-widget-text-editor\" data-id=\"8a87095\" data-element_type=\"widget\" data-e-type=\"widget\" data-widget_type=\"text-editor.default\">\n\t\t\t\t<div class=\"elementor-widget-container\">\n\t\t\t\t\t\t\t\t\t<h1>Surfaces<\/h1><p>Nous proposons 5 types de surfaces : rabot\u00e9e et ponc\u00e9e, trait de scie visible, bross\u00e9e, taill\u00e9e et aspect valaisan.<\/p>\t\t\t\t\t\t\t\t<\/div>\n\t\t\t\t<\/div>\n\t\t\t\t<\/div>\n\t\t\t\t\t<\/div>\n\t\t\t\t<\/div>\n\t\t<section class=\"elementor-element elementor-element-7d19e19 boxshadow e-flex e-con-boxed e-con e-parent\" data-id=\"7d19e19\" data-element_type=\"container\" data-e-type=\"container\">\n\t\t\t\t\t<div class=\"e-con-inner\">\n\t\t<div class=\"elementor-element elementor-element-6c4a35a e-con-full e-flex e-con e-child\" data-id=\"6c4a35a\" data-element_type=\"container\" data-e-type=\"container\">\n\t\t\t\t<div class=\"elementor-element elementor-element-32edad8 elementor-widget elementor-widget-image\" data-id=\"32edad8\" data-element_type=\"widget\" data-e-type=\"widget\" data-widget_type=\"image.default\">\n\t\t\t\t<div class=\"elementor-widget-container\">\n\t\t\t\t\t\t\t\t\t\t\t\t\t\t\t<img fetchpriority=\"high\" decoding=\"async\" width=\"800\" height=\"534\" src=\"https:\/\/zanellaholz.ch\/wp-content\/uploads\/2025\/08\/Oberflaeche-Lae-gehobelt-1024x683.jpg\" class=\"attachment-large size-large wp-image-3329\" alt=\"\" srcset=\"https:\/\/zanellaholz.ch\/wp-content\/uploads\/2025\/08\/Oberflaeche-Lae-gehobelt-1024x683.jpg 1024w, https:\/\/zanellaholz.ch\/wp-content\/uploads\/2025\/08\/Oberflaeche-Lae-gehobelt-300x200.jpg 300w, https:\/\/zanellaholz.ch\/wp-content\/uploads\/2025\/08\/Oberflaeche-Lae-gehobelt-768x512.jpg 768w, https:\/\/zanellaholz.ch\/wp-content\/uploads\/2025\/08\/Oberflaeche-Lae-gehobelt-1536x1024.jpg 1536w, https:\/\/zanellaholz.ch\/wp-content\/uploads\/2025\/08\/Oberflaeche-Lae-gehobelt-2048x1365.jpg 2048w\" sizes=\"(max-width: 800px) 100vw, 800px\" \/>\t\t\t\t\t\t\t\t\t\t\t\t\t\t\t<\/div>\n\t\t\t\t<\/div>\n\t\t\t\t<\/div>\n\t\t<div class=\"elementor-element elementor-element-427b3ca e-con-full e-flex e-con e-child\" data-id=\"427b3ca\" data-element_type=\"container\" data-e-type=\"container\">\n\t\t\t\t<div class=\"elementor-element elementor-element-22a5f20 elementor-widget elementor-widget-text-editor\" data-id=\"22a5f20\" data-element_type=\"widget\" data-e-type=\"widget\" data-widget_type=\"text-editor.default\">\n\t\t\t\t<div class=\"elementor-widget-container\">\n\t\t\t\t\t\t\t\t\t<h3><strong>Rabot\u00e9e et ponc\u00e9e<\/strong><\/h3><p>La structure du bois se r\u00e9v\u00e8le au mieux sur une surface rabot\u00e9e et gr\u00e2ce \u00e0 sa finition fine et souvent ponc\u00e9e, elle se salit moins facilement.<\/p>\t\t\t\t\t\t\t\t<\/div>\n\t\t\t\t<\/div>\n\t\t\t\t<\/div>\n\t\t\t\t\t<\/div>\n\t\t\t\t<\/section>\n\t\t<section class=\"elementor-element elementor-element-58fbca9 boxshadow e-flex e-con-boxed e-con e-parent\" data-id=\"58fbca9\" data-element_type=\"container\" data-e-type=\"container\">\n\t\t\t\t\t<div class=\"e-con-inner\">\n\t\t<div class=\"elementor-element elementor-element-3e7f60e e-con-full e-flex e-con e-child\" data-id=\"3e7f60e\" data-element_type=\"container\" data-e-type=\"container\">\n\t\t\t\t<div class=\"elementor-element elementor-element-4d320ee elementor-widget elementor-widget-image\" data-id=\"4d320ee\" data-element_type=\"widget\" data-e-type=\"widget\" data-widget_type=\"image.default\">\n\t\t\t\t<div class=\"elementor-widget-container\">\n\t\t\t\t\t\t\t\t\t\t\t\t\t\t\t<img decoding=\"async\" width=\"800\" height=\"535\" src=\"https:\/\/zanellaholz.ch\/wp-content\/uploads\/2025\/06\/saegeroh-1024x685.jpg\" class=\"attachment-large size-large wp-image-2719\" alt=\"\" srcset=\"https:\/\/zanellaholz.ch\/wp-content\/uploads\/2025\/06\/saegeroh-1024x685.jpg 1024w, https:\/\/zanellaholz.ch\/wp-content\/uploads\/2025\/06\/saegeroh-300x201.jpg 300w, https:\/\/zanellaholz.ch\/wp-content\/uploads\/2025\/06\/saegeroh-768x514.jpg 768w, https:\/\/zanellaholz.ch\/wp-content\/uploads\/2025\/06\/saegeroh.jpg 1387w\" sizes=\"(max-width: 800px) 100vw, 800px\" \/>\t\t\t\t\t\t\t\t\t\t\t\t\t\t\t<\/div>\n\t\t\t\t<\/div>\n\t\t\t\t<\/div>\n\t\t<div class=\"elementor-element elementor-element-06b2016 e-con-full e-flex e-con e-child\" data-id=\"06b2016\" data-element_type=\"container\" data-e-type=\"container\">\n\t\t\t\t<div class=\"elementor-element elementor-element-255e2b5 elementor-widget elementor-widget-text-editor\" data-id=\"255e2b5\" data-element_type=\"widget\" data-e-type=\"widget\" data-widget_type=\"text-editor.default\">\n\t\t\t\t<div class=\"elementor-widget-container\">\n\t\t\t\t\t\t\t\t\t<h3>Trait de scie visible<\/h3><p>Avec nos machines, nous cr\u00e9ons une surface sci\u00e9e r\u00e9guli\u00e8re qui met bien en valeur le caract\u00e8re du bois. En raison de sa rugosit\u00e9, elle est surtout utilis\u00e9e en ext\u00e9rieur et se pr\u00eate bien \u00e0 des traitements suppl\u00e9mentaires.<\/p>\t\t\t\t\t\t\t\t<\/div>\n\t\t\t\t<\/div>\n\t\t\t\t<\/div>\n\t\t\t\t\t<\/div>\n\t\t\t\t<\/section>\n\t\t<section class=\"elementor-element elementor-element-1f087f2 boxshadow e-flex e-con-boxed e-con e-parent\" data-id=\"1f087f2\" data-element_type=\"container\" data-e-type=\"container\">\n\t\t\t\t\t<div class=\"e-con-inner\">\n\t\t<div class=\"elementor-element elementor-element-e632a6a e-con-full e-flex e-con e-child\" data-id=\"e632a6a\" data-element_type=\"container\" data-e-type=\"container\">\n\t\t\t\t<div class=\"elementor-element elementor-element-d13c283 elementor-widget elementor-widget-image\" data-id=\"d13c283\" data-element_type=\"widget\" data-e-type=\"widget\" data-widget_type=\"image.default\">\n\t\t\t\t<div class=\"elementor-widget-container\">\n\t\t\t\t\t\t\t\t\t\t\t\t\t\t\t<img decoding=\"async\" width=\"800\" height=\"535\" src=\"https:\/\/zanellaholz.ch\/wp-content\/uploads\/2025\/06\/gebuerstet-1024x685.jpg\" class=\"attachment-large size-large wp-image-2724\" alt=\"\" srcset=\"https:\/\/zanellaholz.ch\/wp-content\/uploads\/2025\/06\/gebuerstet-1024x685.jpg 1024w, https:\/\/zanellaholz.ch\/wp-content\/uploads\/2025\/06\/gebuerstet-300x201.jpg 300w, https:\/\/zanellaholz.ch\/wp-content\/uploads\/2025\/06\/gebuerstet-768x514.jpg 768w, https:\/\/zanellaholz.ch\/wp-content\/uploads\/2025\/06\/gebuerstet.jpg 1100w\" sizes=\"(max-width: 800px) 100vw, 800px\" \/>\t\t\t\t\t\t\t\t\t\t\t\t\t\t\t<\/div>\n\t\t\t\t<\/div>\n\t\t\t\t<\/div>\n\t\t<div class=\"elementor-element elementor-element-ac54f3f e-con-full e-flex e-con e-child\" data-id=\"ac54f3f\" data-element_type=\"container\" data-e-type=\"container\">\n\t\t\t\t<div class=\"elementor-element elementor-element-63e3812 elementor-widget elementor-widget-text-editor\" data-id=\"63e3812\" data-element_type=\"widget\" data-e-type=\"widget\" data-widget_type=\"text-editor.default\">\n\t\t\t\t<div class=\"elementor-widget-container\">\n\t\t\t\t\t\t\t\t\t<h3>Bross\u00e9e<\/h3><p>Cette surface fait ressortir les cernes durs en brossant les parties tendres, conf\u00e9rant ainsi une structure artistique au bois.<\/p>\t\t\t\t\t\t\t\t<\/div>\n\t\t\t\t<\/div>\n\t\t\t\t<\/div>\n\t\t\t\t\t<\/div>\n\t\t\t\t<\/section>\n\t\t<section class=\"elementor-element elementor-element-311e46e boxshadow e-flex e-con-boxed e-con e-parent\" data-id=\"311e46e\" data-element_type=\"container\" data-e-type=\"container\">\n\t\t\t\t\t<div class=\"e-con-inner\">\n\t\t<div class=\"elementor-element elementor-element-f574cd4 e-con-full e-flex e-con e-child\" data-id=\"f574cd4\" data-element_type=\"container\" data-e-type=\"container\">\n\t\t\t\t<div class=\"elementor-element elementor-element-d32a182 elementor-widget elementor-widget-image\" data-id=\"d32a182\" data-element_type=\"widget\" data-e-type=\"widget\" data-widget_type=\"image.default\">\n\t\t\t\t<div class=\"elementor-widget-container\">\n\t\t\t\t\t\t\t\t\t\t\t\t\t\t\t<img loading=\"lazy\" decoding=\"async\" width=\"800\" height=\"535\" src=\"https:\/\/zanellaholz.ch\/wp-content\/uploads\/2025\/08\/gehackt-1024x685.jpg\" class=\"attachment-large size-large wp-image-3352\" alt=\"\" srcset=\"https:\/\/zanellaholz.ch\/wp-content\/uploads\/2025\/08\/gehackt-1024x685.jpg 1024w, https:\/\/zanellaholz.ch\/wp-content\/uploads\/2025\/08\/gehackt-300x201.jpg 300w, https:\/\/zanellaholz.ch\/wp-content\/uploads\/2025\/08\/gehackt-768x514.jpg 768w, https:\/\/zanellaholz.ch\/wp-content\/uploads\/2025\/08\/gehackt.jpg 1387w\" sizes=\"(max-width: 800px) 100vw, 800px\" \/>\t\t\t\t\t\t\t\t\t\t\t\t\t\t\t<\/div>\n\t\t\t\t<\/div>\n\t\t\t\t<\/div>\n\t\t<div class=\"elementor-element elementor-element-5e6e60f e-con-full e-flex e-con e-child\" data-id=\"5e6e60f\" data-element_type=\"container\" data-e-type=\"container\">\n\t\t\t\t<div class=\"elementor-element elementor-element-58eabfa elementor-widget elementor-widget-text-editor\" data-id=\"58eabfa\" data-element_type=\"widget\" data-e-type=\"widget\" data-widget_type=\"text-editor.default\">\n\t\t\t\t<div class=\"elementor-widget-container\">\n\t\t\t\t\t\t\t\t\t<h3>Taill\u00e9e<\/h3><p>Surface tr\u00e8s rustique, presque indissociable visuellement des poutres ou planches taill\u00e9es \u00e0 la main.<\/p>\t\t\t\t\t\t\t\t<\/div>\n\t\t\t\t<\/div>\n\t\t\t\t<\/div>\n\t\t\t\t\t<\/div>\n\t\t\t\t<\/section>\n\t\t<section class=\"elementor-element elementor-element-a77b691 e-flex e-con-boxed e-con e-parent\" data-id=\"a77b691\" data-element_type=\"container\" data-e-type=\"container\">\n\t\t\t\t\t<div class=\"e-con-inner\">\n\t\t<div class=\"elementor-element elementor-element-5187d77 e-con-full e-flex e-con e-child\" data-id=\"5187d77\" data-element_type=\"container\" data-e-type=\"container\">\n\t\t\t\t<div class=\"elementor-element elementor-element-03b9354 elementor--h-position-center elementor--v-position-middle elementor-widget elementor-widget-slides\" data-id=\"03b9354\" data-element_type=\"widget\" data-e-type=\"widget\" data-settings=\"{&quot;navigation&quot;:&quot;none&quot;,&quot;_animation&quot;:&quot;none&quot;,&quot;autoplay&quot;:&quot;yes&quot;,&quot;autoplay_speed&quot;:5000,&quot;infinite&quot;:&quot;yes&quot;,&quot;transition&quot;:&quot;slide&quot;,&quot;transition_speed&quot;:500}\" data-widget_type=\"slides.default\">\n\t\t\t\t<div class=\"elementor-widget-container\">\n\t\t\t\t\t\t\t\t\t<div class=\"elementor-swiper\">\n\t\t\t\t\t<div class=\"elementor-slides-wrapper elementor-main-swiper swiper\" role=\"region\" aria-roledescription=\"carousel\" aria-label=\"Slider\" dir=\"ltr\" data-animation=\"\">\n\t\t\t\t<div class=\"swiper-wrapper elementor-slides\">\n\t\t\t\t\t\t\t\t\t\t<div class=\"elementor-repeater-item-c6f34d1 swiper-slide\" role=\"group\" aria-roledescription=\"slide\"><div class=\"swiper-slide-bg\" role=\"img\" aria-label=\"Oberfla\u0308che-La\u0308-VS-hell-gebrannt\"><\/div><div class=\"swiper-slide-inner\" ><div class=\"swiper-slide-contents\"><div class=\"elementor-slide-heading\">Cuisson claire<\/div><\/div><\/div><\/div><div class=\"elementor-repeater-item-cc2e401 swiper-slide\" role=\"group\" aria-roledescription=\"slide\"><div class=\"swiper-slide-bg\" role=\"img\" aria-label=\"Oberfla\u0308che-La\u0308-VS-dunkel-gebrannt\"><\/div><div class=\"swiper-slide-inner\" ><div class=\"swiper-slide-contents\"><div class=\"elementor-slide-heading\">Cuisson claire<\/div><\/div><\/div><\/div>\t\t\t\t<\/div>\n\t\t\t\t\t\t\t\t\t\t\t\t\t\t\t\t\t\t\t\t\t<\/div>\n\t\t\t\t<\/div>\n\t\t\t\t\t\t\t\t<\/div>\n\t\t\t\t<\/div>\n\t\t\t\t<\/div>\n\t\t<div class=\"elementor-element elementor-element-73b6edd e-con-full e-flex e-con e-child\" data-id=\"73b6edd\" data-element_type=\"container\" data-e-type=\"container\">\n\t\t\t\t<div class=\"elementor-element elementor-element-70ded79 elementor-widget elementor-widget-text-editor\" data-id=\"70ded79\" data-element_type=\"widget\" data-e-type=\"widget\" data-widget_type=\"text-editor.default\">\n\t\t\t\t<div class=\"elementor-widget-container\">\n\t\t\t\t\t\t\t\t\t<h3>Aspect valaisan<\/h3><p>Surface sp\u00e9ciale d\u00e9velopp\u00e9e par nos soins, inspir\u00e9e des vieux greniers valaisans centenaires. La surface est lav\u00e9e et peut, sur demande, \u00eatre br\u00fbl\u00e9e. Elle est tr\u00e8s appr\u00e9ci\u00e9e dans notre r\u00e9gion.<\/p>\t\t\t\t\t\t\t\t<\/div>\n\t\t\t\t<\/div>\n\t\t\t\t<\/div>\n\t\t\t\t\t<\/div>\n\t\t\t\t<\/section>\n\t\t\t\t<\/div>\n\t\t","protected":false},"excerpt":{"rendered":"<p>Surfaces Nous proposons 5 types de surfaces : rabot\u00e9e et ponc\u00e9e, trait de scie visible, bross\u00e9e, taill\u00e9e et aspect valaisan. Rabot\u00e9e et ponc\u00e9e La structure du bois se r\u00e9v\u00e8le au mieux sur une surface rabot\u00e9e et gr\u00e2ce \u00e0 sa finition fine et souvent ponc\u00e9e, elle se salit moins facilement. Trait de scie visible Avec nos [&hellip;]<\/p>\n","protected":false},"author":1,"featured_media":0,"parent":0,"menu_order":0,"comment_status":"closed","ping_status":"closed","template":"","meta":{"_acf_changed":false,"footnotes":""},"class_list":["post-3483","page","type-page","status-publish","hentry"],"acf":[],"yoast_head":"<!-- This site is optimized with the Yoast SEO plugin v27.4 - https:\/\/yoast.com\/product\/yoast-seo-wordpress\/ -->\n<title>Surfaces - Zanella Holz AG - Kompetent in Sachen Holz<\/title>\n<meta name=\"robots\" content=\"index, follow, max-snippet:-1, max-image-preview:large, max-video-preview:-1\" \/>\n<link rel=\"canonical\" href=\"https:\/\/zanellaholz.ch\/oberflachen\/\" \/>\n<meta property=\"og:locale\" content=\"fr_FR\" \/>\n<meta property=\"og:type\" content=\"article\" \/>\n<meta property=\"og:title\" content=\"Surfaces - Zanella Holz AG - Kompetent in Sachen Holz\" \/>\n<meta property=\"og:description\" content=\"Surfaces Nous proposons 5 types de surfaces : rabot\u00e9e et ponc\u00e9e, trait de scie visible, bross\u00e9e, taill\u00e9e et aspect valaisan. Rabot\u00e9e et ponc\u00e9e La structure du bois se r\u00e9v\u00e8le au mieux sur une surface rabot\u00e9e et gr\u00e2ce \u00e0 sa finition fine et souvent ponc\u00e9e, elle se salit moins facilement. Trait de scie visible Avec nos [&hellip;]\" \/>\n<meta property=\"og:url\" content=\"https:\/\/zanellaholz.ch\/oberflachen\/\" \/>\n<meta property=\"og:site_name\" content=\"Zanella Holz AG - Kompetent in Sachen Holz\" \/>\n<meta property=\"article:modified_time\" content=\"2025-08-25T07:40:29+00:00\" \/>\n<meta property=\"og:image\" content=\"https:\/\/zanellaholz.ch\/wp-content\/uploads\/2025\/08\/Oberflaeche-Lae-gehobelt-1024x683.jpg\" \/>\n<meta name=\"twitter:card\" content=\"summary_large_image\" \/>\n<meta name=\"twitter:label1\" content=\"Dur\u00e9e de lecture estim\u00e9e\" \/>\n\t<meta name=\"twitter:data1\" content=\"2 minutes\" \/>\n<script type=\"application\/ld+json\" class=\"yoast-schema-graph\">{\"@context\":\"https:\\\/\\\/schema.org\",\"@graph\":[{\"@type\":\"WebPage\",\"@id\":\"https:\\\/\\\/zanellaholz.ch\\\/oberflachen\\\/\",\"url\":\"https:\\\/\\\/zanellaholz.ch\\\/oberflachen\\\/\",\"name\":\"Surfaces - Zanella Holz AG - Kompetent in Sachen Holz\",\"isPartOf\":{\"@id\":\"https:\\\/\\\/zanellaholz.ch\\\/#website\"},\"primaryImageOfPage\":{\"@id\":\"https:\\\/\\\/zanellaholz.ch\\\/oberflachen\\\/#primaryimage\"},\"image\":{\"@id\":\"https:\\\/\\\/zanellaholz.ch\\\/oberflachen\\\/#primaryimage\"},\"thumbnailUrl\":\"https:\\\/\\\/zanellaholz.ch\\\/wp-content\\\/uploads\\\/2025\\\/08\\\/Oberflaeche-Lae-gehobelt-1024x683.jpg\",\"datePublished\":\"2025-06-30T13:28:55+00:00\",\"dateModified\":\"2025-08-25T07:40:29+00:00\",\"breadcrumb\":{\"@id\":\"https:\\\/\\\/zanellaholz.ch\\\/oberflachen\\\/#breadcrumb\"},\"inLanguage\":\"fr-FR\",\"potentialAction\":[{\"@type\":\"ReadAction\",\"target\":[\"https:\\\/\\\/zanellaholz.ch\\\/oberflachen\\\/\"]}]},{\"@type\":\"ImageObject\",\"inLanguage\":\"fr-FR\",\"@id\":\"https:\\\/\\\/zanellaholz.ch\\\/oberflachen\\\/#primaryimage\",\"url\":\"https:\\\/\\\/zanellaholz.ch\\\/wp-content\\\/uploads\\\/2025\\\/08\\\/Oberflaeche-Lae-gehobelt-1024x683.jpg\",\"contentUrl\":\"https:\\\/\\\/zanellaholz.ch\\\/wp-content\\\/uploads\\\/2025\\\/08\\\/Oberflaeche-Lae-gehobelt-1024x683.jpg\"},{\"@type\":\"BreadcrumbList\",\"@id\":\"https:\\\/\\\/zanellaholz.ch\\\/oberflachen\\\/#breadcrumb\",\"itemListElement\":[{\"@type\":\"ListItem\",\"position\":1,\"name\":\"Startseite\",\"item\":\"https:\\\/\\\/zanellaholz.ch\\\/fr\\\/\"},{\"@type\":\"ListItem\",\"position\":2,\"name\":\"Surfaces\"}]},{\"@type\":\"WebSite\",\"@id\":\"https:\\\/\\\/zanellaholz.ch\\\/#website\",\"url\":\"https:\\\/\\\/zanellaholz.ch\\\/\",\"name\":\"Zanella Holz AG - Kompetent in Sachen Holz\",\"description\":\"\",\"potentialAction\":[{\"@type\":\"SearchAction\",\"target\":{\"@type\":\"EntryPoint\",\"urlTemplate\":\"https:\\\/\\\/zanellaholz.ch\\\/?s={search_term_string}\"},\"query-input\":{\"@type\":\"PropertyValueSpecification\",\"valueRequired\":true,\"valueName\":\"search_term_string\"}}],\"inLanguage\":\"fr-FR\"}]}<\/script>\n<!-- \/ Yoast SEO plugin. -->","yoast_head_json":{"title":"Surfaces - Zanella Holz AG - Kompetent in Sachen Holz","robots":{"index":"index","follow":"follow","max-snippet":"max-snippet:-1","max-image-preview":"max-image-preview:large","max-video-preview":"max-video-preview:-1"},"canonical":"https:\/\/zanellaholz.ch\/oberflachen\/","og_locale":"fr_FR","og_type":"article","og_title":"Surfaces - Zanella Holz AG - Kompetent in Sachen Holz","og_description":"Surfaces Nous proposons 5 types de surfaces : rabot\u00e9e et ponc\u00e9e, trait de scie visible, bross\u00e9e, taill\u00e9e et aspect valaisan. Rabot\u00e9e et ponc\u00e9e La structure du bois se r\u00e9v\u00e8le au mieux sur une surface rabot\u00e9e et gr\u00e2ce \u00e0 sa finition fine et souvent ponc\u00e9e, elle se salit moins facilement. Trait de scie visible Avec nos [&hellip;]","og_url":"https:\/\/zanellaholz.ch\/oberflachen\/","og_site_name":"Zanella Holz AG - Kompetent in Sachen Holz","article_modified_time":"2025-08-25T07:40:29+00:00","og_image":[{"url":"https:\/\/zanellaholz.ch\/wp-content\/uploads\/2025\/08\/Oberflaeche-Lae-gehobelt-1024x683.jpg","type":"","width":"","height":""}],"twitter_card":"summary_large_image","twitter_misc":{"Dur\u00e9e de lecture estim\u00e9e":"2 minutes"},"schema":{"@context":"https:\/\/schema.org","@graph":[{"@type":"WebPage","@id":"https:\/\/zanellaholz.ch\/oberflachen\/","url":"https:\/\/zanellaholz.ch\/oberflachen\/","name":"Surfaces - Zanella Holz AG - Kompetent in Sachen Holz","isPartOf":{"@id":"https:\/\/zanellaholz.ch\/#website"},"primaryImageOfPage":{"@id":"https:\/\/zanellaholz.ch\/oberflachen\/#primaryimage"},"image":{"@id":"https:\/\/zanellaholz.ch\/oberflachen\/#primaryimage"},"thumbnailUrl":"https:\/\/zanellaholz.ch\/wp-content\/uploads\/2025\/08\/Oberflaeche-Lae-gehobelt-1024x683.jpg","datePublished":"2025-06-30T13:28:55+00:00","dateModified":"2025-08-25T07:40:29+00:00","breadcrumb":{"@id":"https:\/\/zanellaholz.ch\/oberflachen\/#breadcrumb"},"inLanguage":"fr-FR","potentialAction":[{"@type":"ReadAction","target":["https:\/\/zanellaholz.ch\/oberflachen\/"]}]},{"@type":"ImageObject","inLanguage":"fr-FR","@id":"https:\/\/zanellaholz.ch\/oberflachen\/#primaryimage","url":"https:\/\/zanellaholz.ch\/wp-content\/uploads\/2025\/08\/Oberflaeche-Lae-gehobelt-1024x683.jpg","contentUrl":"https:\/\/zanellaholz.ch\/wp-content\/uploads\/2025\/08\/Oberflaeche-Lae-gehobelt-1024x683.jpg"},{"@type":"BreadcrumbList","@id":"https:\/\/zanellaholz.ch\/oberflachen\/#breadcrumb","itemListElement":[{"@type":"ListItem","position":1,"name":"Startseite","item":"https:\/\/zanellaholz.ch\/fr\/"},{"@type":"ListItem","position":2,"name":"Surfaces"}]},{"@type":"WebSite","@id":"https:\/\/zanellaholz.ch\/#website","url":"https:\/\/zanellaholz.ch\/","name":"Zanella Holz AG - Kompetent in Sachen Holz","description":"","potentialAction":[{"@type":"SearchAction","target":{"@type":"EntryPoint","urlTemplate":"https:\/\/zanellaholz.ch\/?s={search_term_string}"},"query-input":{"@type":"PropertyValueSpecification","valueRequired":true,"valueName":"search_term_string"}}],"inLanguage":"fr-FR"}]}},"_links":{"self":[{"href":"https:\/\/zanellaholz.ch\/fr\/wp-json\/wp\/v2\/pages\/3483","targetHints":{"allow":["GET"]}}],"collection":[{"href":"https:\/\/zanellaholz.ch\/fr\/wp-json\/wp\/v2\/pages"}],"about":[{"href":"https:\/\/zanellaholz.ch\/fr\/wp-json\/wp\/v2\/types\/page"}],"author":[{"embeddable":true,"href":"https:\/\/zanellaholz.ch\/fr\/wp-json\/wp\/v2\/users\/1"}],"replies":[{"embeddable":true,"href":"https:\/\/zanellaholz.ch\/fr\/wp-json\/wp\/v2\/comments?post=3483"}],"version-history":[{"count":4,"href":"https:\/\/zanellaholz.ch\/fr\/wp-json\/wp\/v2\/pages\/3483\/revisions"}],"predecessor-version":[{"id":3487,"href":"https:\/\/zanellaholz.ch\/fr\/wp-json\/wp\/v2\/pages\/3483\/revisions\/3487"}],"wp:attachment":[{"href":"https:\/\/zanellaholz.ch\/fr\/wp-json\/wp\/v2\/media?parent=3483"}],"curies":[{"name":"wp","href":"https:\/\/api.w.org\/{rel}","templated":true}]}}