{"id":3488,"date":"2025-06-30T13:04:55","date_gmt":"2025-06-30T13:04:55","guid":{"rendered":"https:\/\/zanellaholz.ch\/oberflachenbehandlungen\/"},"modified":"2025-08-25T07:43:37","modified_gmt":"2025-08-25T07:43:37","slug":"traitements-de-surface","status":"publish","type":"page","link":"https:\/\/zanellaholz.ch\/fr\/traitements-de-surface\/","title":{"rendered":"Traitements de surface"},"content":{"rendered":"\t\t<div data-elementor-type=\"wp-page\" data-elementor-id=\"3488\" class=\"elementor elementor-3488 elementor-2675\" data-elementor-post-type=\"page\">\n\t\t\t\t<div class=\"elementor-element elementor-element-a9f5799 e-con-full e-flex e-con e-parent\" data-id=\"a9f5799\" data-element_type=\"container\" data-e-type=\"container\">\n\t\t\t\t<div class=\"elementor-element elementor-element-48f9c83 elementor--h-position-center elementor--v-position-middle elementor-arrows-position-inside elementor-pagination-position-inside elementor-widget elementor-widget-slides\" data-id=\"48f9c83\" data-element_type=\"widget\" data-e-type=\"widget\" data-settings=\"{&quot;navigation&quot;:&quot;both&quot;,&quot;autoplay&quot;:&quot;yes&quot;,&quot;pause_on_hover&quot;:&quot;yes&quot;,&quot;pause_on_interaction&quot;:&quot;yes&quot;,&quot;autoplay_speed&quot;:5000,&quot;infinite&quot;:&quot;yes&quot;,&quot;transition&quot;:&quot;slide&quot;,&quot;transition_speed&quot;:500}\" data-widget_type=\"slides.default\">\n\t\t\t\t<div class=\"elementor-widget-container\">\n\t\t\t\t\t\t\t\t\t<div class=\"elementor-swiper\">\n\t\t\t\t\t<div class=\"elementor-slides-wrapper elementor-main-swiper swiper\" role=\"region\" aria-roledescription=\"carousel\" aria-label=\"Slider\" dir=\"ltr\" data-animation=\"fadeInUp\">\n\t\t\t\t<div class=\"swiper-wrapper elementor-slides\">\n\t\t\t\t\t\t\t\t\t\t<div class=\"elementor-repeater-item-814db40 swiper-slide\" role=\"group\" aria-roledescription=\"slide\"><div class=\"swiper-slide-bg elementor-ken-burns elementor-ken-burns--in\" role=\"img\" aria-label=\"Behandlung-01\"><\/div><div class=\"swiper-slide-inner\" ><div class=\"swiper-slide-contents\"><\/div><\/div><\/div><div class=\"elementor-repeater-item-76172bf swiper-slide\" role=\"group\" aria-roledescription=\"slide\"><div class=\"swiper-slide-bg elementor-ken-burns elementor-ken-burns--in\" role=\"img\" aria-label=\"Behandlung-02\"><\/div><div class=\"swiper-slide-inner\" ><div class=\"swiper-slide-contents\"><\/div><\/div><\/div><div class=\"elementor-repeater-item-e0ee6b0 swiper-slide\" role=\"group\" aria-roledescription=\"slide\"><div class=\"swiper-slide-bg elementor-ken-burns elementor-ken-burns--in\" role=\"img\" aria-label=\"Behandlung-03\"><\/div><div class=\"swiper-slide-inner\" ><div class=\"swiper-slide-contents\"><\/div><\/div><\/div><div class=\"elementor-repeater-item-7236c59 swiper-slide\" role=\"group\" aria-roledescription=\"slide\"><div class=\"swiper-slide-bg elementor-ken-burns elementor-ken-burns--in\" role=\"img\" aria-label=\"Behandlung-04\"><\/div><div class=\"swiper-slide-inner\" ><div class=\"swiper-slide-contents\"><\/div><\/div><\/div><div class=\"elementor-repeater-item-6734fb6 swiper-slide\" role=\"group\" aria-roledescription=\"slide\"><div class=\"swiper-slide-bg elementor-ken-burns elementor-ken-burns--in\" role=\"img\" aria-label=\"Behandlung-05\"><\/div><div class=\"swiper-slide-inner\" ><div class=\"swiper-slide-contents\"><\/div><\/div><\/div>\t\t\t\t<\/div>\n\t\t\t\t\t\t\t\t\t\t\t\t\t\t\t<div class=\"elementor-swiper-button elementor-swiper-button-prev\" role=\"button\" tabindex=\"0\" aria-label=\"Diapositive pr\u00e9c\u00e9dente\">\n\t\t\t\t\t\t\t<i aria-hidden=\"true\" class=\"eicon-chevron-left\"><\/i>\t\t\t\t\t\t<\/div>\n\t\t\t\t\t\t<div class=\"elementor-swiper-button elementor-swiper-button-next\" role=\"button\" tabindex=\"0\" aria-label=\"Diapositive suivante\">\n\t\t\t\t\t\t\t<i aria-hidden=\"true\" class=\"eicon-chevron-right\"><\/i>\t\t\t\t\t\t<\/div>\n\t\t\t\t\t\t\t\t\t\t\t\t\t\t\t\t<div class=\"swiper-pagination\"><\/div>\n\t\t\t\t\t\t\t\t\t\t\t\t<\/div>\n\t\t\t\t<\/div>\n\t\t\t\t\t\t\t\t<\/div>\n\t\t\t\t<\/div>\n\t\t\t\t<\/div>\n\t\t<div class=\"elementor-element elementor-element-0e65f48 e-flex e-con-boxed e-con e-parent\" data-id=\"0e65f48\" data-element_type=\"container\" data-e-type=\"container\">\n\t\t\t\t\t<div class=\"e-con-inner\">\n\t\t<div class=\"elementor-element elementor-element-2cdeefa e-con-full e-flex e-con e-child\" data-id=\"2cdeefa\" data-element_type=\"container\" data-e-type=\"container\">\n\t\t\t\t<div class=\"elementor-element elementor-element-8a87095 elementor-widget elementor-widget-text-editor\" data-id=\"8a87095\" data-element_type=\"widget\" data-e-type=\"widget\" data-widget_type=\"text-editor.default\">\n\t\t\t\t<div class=\"elementor-widget-container\">\n\t\t\t\t\t\t\t\t\t<h1><strong>Traitements de surface<\/strong><\/h1><p>Sur notre ligne de traitement de surface, nous traitons des produits \u00e0 base d\u2019eau ou d\u2019huile pour une utilisation aussi bien \u00e0 l\u2019int\u00e9rieur qu\u2019\u00e0 l\u2019ext\u00e9rieur.<\/p>\t\t\t\t\t\t\t\t<\/div>\n\t\t\t\t<\/div>\n\t\t\t\t<\/div>\n\t\t\t\t\t<\/div>\n\t\t\t\t<\/div>\n\t\t<section class=\"elementor-element elementor-element-74c7c76 boxshadow e-flex e-con-boxed e-con e-parent\" data-id=\"74c7c76\" data-element_type=\"container\" data-e-type=\"container\">\n\t\t\t\t\t<div class=\"e-con-inner\">\n\t\t\t\t<div class=\"elementor-element elementor-element-739c554 elementor-widget__width-initial elementor-widget elementor-widget-text-editor\" data-id=\"739c554\" data-element_type=\"widget\" data-e-type=\"widget\" data-widget_type=\"text-editor.default\">\n\t\t\t\t<div class=\"elementor-widget-container\">\n\t\t\t\t\t\t\t\t\t<h3><strong>Lasures (vernis)<\/strong><\/h3><p>Elles laissent appara\u00eetre le veinage du bois, mettant en valeur sa structure naturelle. Disponibles en de nombreux tons ou incolores.<\/p>\t\t\t\t\t\t\t\t<\/div>\n\t\t\t\t<\/div>\n\t\t\t\t<div class=\"elementor-element elementor-element-255e2b5 elementor-widget__width-initial elementor-widget elementor-widget-text-editor\" data-id=\"255e2b5\" data-element_type=\"widget\" data-e-type=\"widget\" data-widget_type=\"text-editor.default\">\n\t\t\t\t<div class=\"elementor-widget-container\">\n\t\t\t\t\t\t\t\t\t<h3><strong>Cires<\/strong><\/h3><p>Variante \u00e9cologique \u00e0 base d\u2019huile de bois et de cire, dont l\u2019ingr\u00e9dient principal est la cire d\u2019abeille. Incolore, elle donne au bois une teinte jaun\u00e2tre, une odeur agr\u00e9able et une l\u00e9g\u00e8re brillance.<\/p>\t\t\t\t\t\t\t\t<\/div>\n\t\t\t\t<\/div>\n\t\t\t\t<div class=\"elementor-element elementor-element-63e3812 elementor-widget__width-initial elementor-widget elementor-widget-text-editor\" data-id=\"63e3812\" data-element_type=\"widget\" data-e-type=\"widget\" data-widget_type=\"text-editor.default\">\n\t\t\t\t<div class=\"elementor-widget-container\">\n\t\t\t\t\t\t\t\t\t<h3><strong>Peinture couvrante<\/strong><\/h3><p>Elles masquent le veinage du bois et sont disponibles dans toutes les couleurs RAL ou NCS.<\/p>\t\t\t\t\t\t\t\t<\/div>\n\t\t\t\t<\/div>\n\t\t\t\t<div class=\"elementor-element elementor-element-70ded79 elementor-widget__width-initial elementor-widget elementor-widget-text-editor\" data-id=\"70ded79\" data-element_type=\"widget\" data-e-type=\"widget\" data-widget_type=\"text-editor.default\">\n\t\t\t\t<div class=\"elementor-widget-container\">\n\t\t\t\t\t\t\t\t\t<h3><strong>Huiles saturatrices<\/strong><\/h3><p>Elles sont appliqu\u00e9es jusqu\u2019\u00e0 ce que le bois soit satur\u00e9, donnant un aspect mat naturel sans film de surface. Peuvent aussi \u00eatre utilis\u00e9es pour un pr\u00e9-grisaillement.<\/p>\t\t\t\t\t\t\t\t<\/div>\n\t\t\t\t<\/div>\n\t\t\t\t<div class=\"elementor-element elementor-element-c1c7eec elementor-widget__width-initial elementor-widget elementor-widget-text-editor\" data-id=\"c1c7eec\" data-element_type=\"widget\" data-e-type=\"widget\" data-widget_type=\"text-editor.default\">\n\t\t\t\t<div class=\"elementor-widget-container\">\n\t\t\t\t\t\t\t\t\t<h3><strong>Effet Proven\u00e7al<\/strong><\/h3><p>Elles accentuent le contraste entre les cernes durs et tendres.<\/p>\t\t\t\t\t\t\t\t<\/div>\n\t\t\t\t<\/div>\n\t\t\t\t<div class=\"elementor-element elementor-element-f8b3e4f elementor-widget__width-initial elementor-widget elementor-widget-text-editor\" data-id=\"f8b3e4f\" data-element_type=\"widget\" data-e-type=\"widget\" data-widget_type=\"text-editor.default\">\n\t\t\t\t<div class=\"elementor-widget-container\">\n\t\t\t\t\t\t\t\t\t<h3><strong>Peinture m\u00e9tallis\u00e9e<\/strong><\/h3><p>Gr\u00e2ce aux pigments m\u00e9talliques, elle conf\u00e8re au bois un aspect vieilli dans la teinte grise souhait\u00e9e.<\/p>\t\t\t\t\t\t\t\t<\/div>\n\t\t\t\t<\/div>\n\t\t\t\t<div class=\"elementor-element elementor-element-be2adfb elementor-widget__width-initial elementor-widget elementor-widget-text-editor\" data-id=\"be2adfb\" data-element_type=\"widget\" data-e-type=\"widget\" data-widget_type=\"text-editor.default\">\n\t\t\t\t<div class=\"elementor-widget-container\">\n\t\t\t\t\t\t\t\t\t<h3><strong>Peinture \u00e0 base de boue (\u00e9cologique)<\/strong><\/h3><p>D\u00e9veloppement moderne d\u2019une technique su\u00e9doise vieille de plus de 300 ans. Similaire aux lasures, mais avec beaucoup plus de pigments, donc plus durable.<\/p>\t\t\t\t\t\t\t\t<\/div>\n\t\t\t\t<\/div>\n\t\t\t\t\t<\/div>\n\t\t\t\t<\/section>\n\t\t\t\t<\/div>\n\t\t","protected":false},"excerpt":{"rendered":"<p>Traitements de surface Sur notre ligne de traitement de surface, nous traitons des produits \u00e0 base d\u2019eau ou d\u2019huile pour une utilisation aussi bien \u00e0 l\u2019int\u00e9rieur qu\u2019\u00e0 l\u2019ext\u00e9rieur. Lasures (vernis) Elles laissent appara\u00eetre le veinage du bois, mettant en valeur sa structure naturelle. Disponibles en de nombreux tons ou incolores. Cires Variante \u00e9cologique \u00e0 base [&hellip;]<\/p>\n","protected":false},"author":1,"featured_media":0,"parent":0,"menu_order":0,"comment_status":"closed","ping_status":"closed","template":"","meta":{"_acf_changed":false,"footnotes":""},"class_list":["post-3488","page","type-page","status-publish","hentry"],"acf":[],"yoast_head":"<!-- This site is optimized with the Yoast SEO plugin v27.4 - https:\/\/yoast.com\/product\/yoast-seo-wordpress\/ -->\n<title>Traitements de surface - Zanella Holz AG - Kompetent in Sachen Holz<\/title>\n<meta name=\"robots\" content=\"index, follow, max-snippet:-1, max-image-preview:large, max-video-preview:-1\" \/>\n<link rel=\"canonical\" href=\"https:\/\/zanellaholz.ch\/fr\/traitements-de-surface\/\" \/>\n<meta property=\"og:locale\" content=\"fr_FR\" \/>\n<meta property=\"og:type\" content=\"article\" \/>\n<meta property=\"og:title\" content=\"Traitements de surface - Zanella Holz AG - Kompetent in Sachen Holz\" \/>\n<meta property=\"og:description\" content=\"Traitements de surface Sur notre ligne de traitement de surface, nous traitons des produits \u00e0 base d\u2019eau ou d\u2019huile pour une utilisation aussi bien \u00e0 l\u2019int\u00e9rieur qu\u2019\u00e0 l\u2019ext\u00e9rieur. Lasures (vernis) Elles laissent appara\u00eetre le veinage du bois, mettant en valeur sa structure naturelle. Disponibles en de nombreux tons ou incolores. Cires Variante \u00e9cologique \u00e0 base [&hellip;]\" \/>\n<meta property=\"og:url\" content=\"https:\/\/zanellaholz.ch\/fr\/traitements-de-surface\/\" \/>\n<meta property=\"og:site_name\" content=\"Zanella Holz AG - Kompetent in Sachen Holz\" \/>\n<meta property=\"article:modified_time\" content=\"2025-08-25T07:43:37+00:00\" \/>\n<meta name=\"twitter:card\" content=\"summary_large_image\" \/>\n<meta name=\"twitter:label1\" content=\"Dur\u00e9e de lecture estim\u00e9e\" \/>\n\t<meta name=\"twitter:data1\" content=\"1 minute\" \/>\n<script type=\"application\/ld+json\" class=\"yoast-schema-graph\">{\"@context\":\"https:\\\/\\\/schema.org\",\"@graph\":[{\"@type\":\"WebPage\",\"@id\":\"https:\\\/\\\/zanellaholz.ch\\\/fr\\\/traitements-de-surface\\\/\",\"url\":\"https:\\\/\\\/zanellaholz.ch\\\/fr\\\/traitements-de-surface\\\/\",\"name\":\"Traitements de surface - Zanella Holz AG - Kompetent in Sachen Holz\",\"isPartOf\":{\"@id\":\"https:\\\/\\\/zanellaholz.ch\\\/#website\"},\"datePublished\":\"2025-06-30T13:04:55+00:00\",\"dateModified\":\"2025-08-25T07:43:37+00:00\",\"breadcrumb\":{\"@id\":\"https:\\\/\\\/zanellaholz.ch\\\/fr\\\/traitements-de-surface\\\/#breadcrumb\"},\"inLanguage\":\"fr-FR\",\"potentialAction\":[{\"@type\":\"ReadAction\",\"target\":[\"https:\\\/\\\/zanellaholz.ch\\\/fr\\\/traitements-de-surface\\\/\"]}]},{\"@type\":\"BreadcrumbList\",\"@id\":\"https:\\\/\\\/zanellaholz.ch\\\/fr\\\/traitements-de-surface\\\/#breadcrumb\",\"itemListElement\":[{\"@type\":\"ListItem\",\"position\":1,\"name\":\"Startseite\",\"item\":\"https:\\\/\\\/zanellaholz.ch\\\/fr\\\/\"},{\"@type\":\"ListItem\",\"position\":2,\"name\":\"Traitements de surface\"}]},{\"@type\":\"WebSite\",\"@id\":\"https:\\\/\\\/zanellaholz.ch\\\/#website\",\"url\":\"https:\\\/\\\/zanellaholz.ch\\\/\",\"name\":\"Zanella Holz AG - Kompetent in Sachen Holz\",\"description\":\"\",\"potentialAction\":[{\"@type\":\"SearchAction\",\"target\":{\"@type\":\"EntryPoint\",\"urlTemplate\":\"https:\\\/\\\/zanellaholz.ch\\\/?s={search_term_string}\"},\"query-input\":{\"@type\":\"PropertyValueSpecification\",\"valueRequired\":true,\"valueName\":\"search_term_string\"}}],\"inLanguage\":\"fr-FR\"}]}<\/script>\n<!-- \/ Yoast SEO plugin. -->","yoast_head_json":{"title":"Traitements de surface - Zanella Holz AG - Kompetent in Sachen Holz","robots":{"index":"index","follow":"follow","max-snippet":"max-snippet:-1","max-image-preview":"max-image-preview:large","max-video-preview":"max-video-preview:-1"},"canonical":"https:\/\/zanellaholz.ch\/fr\/traitements-de-surface\/","og_locale":"fr_FR","og_type":"article","og_title":"Traitements de surface - Zanella Holz AG - Kompetent in Sachen Holz","og_description":"Traitements de surface Sur notre ligne de traitement de surface, nous traitons des produits \u00e0 base d\u2019eau ou d\u2019huile pour une utilisation aussi bien \u00e0 l\u2019int\u00e9rieur qu\u2019\u00e0 l\u2019ext\u00e9rieur. Lasures (vernis) Elles laissent appara\u00eetre le veinage du bois, mettant en valeur sa structure naturelle. Disponibles en de nombreux tons ou incolores. Cires Variante \u00e9cologique \u00e0 base [&hellip;]","og_url":"https:\/\/zanellaholz.ch\/fr\/traitements-de-surface\/","og_site_name":"Zanella Holz AG - Kompetent in Sachen Holz","article_modified_time":"2025-08-25T07:43:37+00:00","twitter_card":"summary_large_image","twitter_misc":{"Dur\u00e9e de lecture estim\u00e9e":"1 minute"},"schema":{"@context":"https:\/\/schema.org","@graph":[{"@type":"WebPage","@id":"https:\/\/zanellaholz.ch\/fr\/traitements-de-surface\/","url":"https:\/\/zanellaholz.ch\/fr\/traitements-de-surface\/","name":"Traitements de surface - Zanella Holz AG - Kompetent in Sachen Holz","isPartOf":{"@id":"https:\/\/zanellaholz.ch\/#website"},"datePublished":"2025-06-30T13:04:55+00:00","dateModified":"2025-08-25T07:43:37+00:00","breadcrumb":{"@id":"https:\/\/zanellaholz.ch\/fr\/traitements-de-surface\/#breadcrumb"},"inLanguage":"fr-FR","potentialAction":[{"@type":"ReadAction","target":["https:\/\/zanellaholz.ch\/fr\/traitements-de-surface\/"]}]},{"@type":"BreadcrumbList","@id":"https:\/\/zanellaholz.ch\/fr\/traitements-de-surface\/#breadcrumb","itemListElement":[{"@type":"ListItem","position":1,"name":"Startseite","item":"https:\/\/zanellaholz.ch\/fr\/"},{"@type":"ListItem","position":2,"name":"Traitements de surface"}]},{"@type":"WebSite","@id":"https:\/\/zanellaholz.ch\/#website","url":"https:\/\/zanellaholz.ch\/","name":"Zanella Holz AG - Kompetent in Sachen Holz","description":"","potentialAction":[{"@type":"SearchAction","target":{"@type":"EntryPoint","urlTemplate":"https:\/\/zanellaholz.ch\/?s={search_term_string}"},"query-input":{"@type":"PropertyValueSpecification","valueRequired":true,"valueName":"search_term_string"}}],"inLanguage":"fr-FR"}]}},"_links":{"self":[{"href":"https:\/\/zanellaholz.ch\/fr\/wp-json\/wp\/v2\/pages\/3488","targetHints":{"allow":["GET"]}}],"collection":[{"href":"https:\/\/zanellaholz.ch\/fr\/wp-json\/wp\/v2\/pages"}],"about":[{"href":"https:\/\/zanellaholz.ch\/fr\/wp-json\/wp\/v2\/types\/page"}],"author":[{"embeddable":true,"href":"https:\/\/zanellaholz.ch\/fr\/wp-json\/wp\/v2\/users\/1"}],"replies":[{"embeddable":true,"href":"https:\/\/zanellaholz.ch\/fr\/wp-json\/wp\/v2\/comments?post=3488"}],"version-history":[{"count":4,"href":"https:\/\/zanellaholz.ch\/fr\/wp-json\/wp\/v2\/pages\/3488\/revisions"}],"predecessor-version":[{"id":3492,"href":"https:\/\/zanellaholz.ch\/fr\/wp-json\/wp\/v2\/pages\/3488\/revisions\/3492"}],"wp:attachment":[{"href":"https:\/\/zanellaholz.ch\/fr\/wp-json\/wp\/v2\/media?parent=3488"}],"curies":[{"name":"wp","href":"https:\/\/api.w.org\/{rel}","templated":true}]}}