{"id":3499,"date":"2023-04-07T13:04:25","date_gmt":"2023-04-07T13:04:25","guid":{"rendered":"https:\/\/zanellaholz.ch\/ausstellung\/"},"modified":"2025-08-25T07:50:21","modified_gmt":"2025-08-25T07:50:21","slug":"exposition","status":"publish","type":"page","link":"https:\/\/zanellaholz.ch\/fr\/exposition\/","title":{"rendered":"Exposition"},"content":{"rendered":"\t\t<div data-elementor-type=\"wp-page\" data-elementor-id=\"3499\" class=\"elementor elementor-3499 elementor-768\" data-elementor-post-type=\"page\">\n\t\t\t\t<div class=\"elementor-element elementor-element-5568e13 e-con-full e-flex e-con e-parent\" data-id=\"5568e13\" data-element_type=\"container\" data-e-type=\"container\">\n\t\t\t\t<div class=\"elementor-element elementor-element-6a837e1 elementor--h-position-center elementor--v-position-middle elementor-arrows-position-inside elementor-pagination-position-inside elementor-widget elementor-widget-slides\" data-id=\"6a837e1\" data-element_type=\"widget\" data-e-type=\"widget\" data-settings=\"{&quot;navigation&quot;:&quot;both&quot;,&quot;autoplay&quot;:&quot;yes&quot;,&quot;pause_on_hover&quot;:&quot;yes&quot;,&quot;pause_on_interaction&quot;:&quot;yes&quot;,&quot;autoplay_speed&quot;:5000,&quot;infinite&quot;:&quot;yes&quot;,&quot;transition&quot;:&quot;slide&quot;,&quot;transition_speed&quot;:500}\" data-widget_type=\"slides.default\">\n\t\t\t\t<div class=\"elementor-widget-container\">\n\t\t\t\t\t\t\t\t\t<div class=\"elementor-swiper\">\n\t\t\t\t\t<div class=\"elementor-slides-wrapper elementor-main-swiper swiper\" role=\"region\" aria-roledescription=\"carousel\" aria-label=\"Slider\" dir=\"ltr\" data-animation=\"fadeInUp\">\n\t\t\t\t<div class=\"swiper-wrapper elementor-slides\">\n\t\t\t\t\t\t\t\t\t\t<div class=\"elementor-repeater-item-814db40 swiper-slide\" role=\"group\" aria-roledescription=\"slide\"><div class=\"swiper-slide-bg elementor-ken-burns elementor-ken-burns--in\" role=\"img\" aria-label=\"Zanella-Holz-AG-Ausstellung-1\"><\/div><div class=\"swiper-slide-inner\" ><div class=\"swiper-slide-contents\"><\/div><\/div><\/div><div class=\"elementor-repeater-item-670d452 swiper-slide\" role=\"group\" aria-roledescription=\"slide\"><div class=\"swiper-slide-bg elementor-ken-burns elementor-ken-burns--in\" role=\"img\" aria-label=\"Zanella-Holz-AG-Ausstellung-2\"><\/div><div class=\"swiper-slide-inner\" ><div class=\"swiper-slide-contents\"><\/div><\/div><\/div>\t\t\t\t<\/div>\n\t\t\t\t\t\t\t\t\t\t\t\t\t\t\t<div class=\"elementor-swiper-button elementor-swiper-button-prev\" role=\"button\" tabindex=\"0\" aria-label=\"Diapositive pr\u00e9c\u00e9dente\">\n\t\t\t\t\t\t\t<i aria-hidden=\"true\" class=\"eicon-chevron-left\"><\/i>\t\t\t\t\t\t<\/div>\n\t\t\t\t\t\t<div class=\"elementor-swiper-button elementor-swiper-button-next\" role=\"button\" tabindex=\"0\" aria-label=\"Diapositive suivante\">\n\t\t\t\t\t\t\t<i aria-hidden=\"true\" class=\"eicon-chevron-right\"><\/i>\t\t\t\t\t\t<\/div>\n\t\t\t\t\t\t\t\t\t\t\t\t\t\t\t\t<div class=\"swiper-pagination\"><\/div>\n\t\t\t\t\t\t\t\t\t\t\t\t<\/div>\n\t\t\t\t<\/div>\n\t\t\t\t\t\t\t\t<\/div>\n\t\t\t\t<\/div>\n\t\t\t\t<\/div>\n\t\t<div class=\"elementor-element elementor-element-b69988c boxshadow e-flex e-con-boxed e-con e-parent\" data-id=\"b69988c\" data-element_type=\"container\" data-e-type=\"container\">\n\t\t\t\t\t<div class=\"e-con-inner\">\n\t\t\t\t<div class=\"elementor-element elementor-element-a2ad3f0 elementor-widget elementor-widget-text-editor\" data-id=\"a2ad3f0\" data-element_type=\"widget\" data-e-type=\"widget\" data-widget_type=\"text-editor.default\">\n\t\t\t\t<div class=\"elementor-widget-container\">\n\t\t\t\t\t\t\t\t\t<h1>Bienvenue dans notre exposition de produits en bois !<\/h1><p>D\u00e9couvrez la beaut\u00e9 naturelle et la polyvalence du bois dans notre exposition. Qu\u2019il s\u2019agisse de bardage de fa\u00e7ade moderne, de terrasse durable, de lambris chaleureux ou de parquet haut de gamme \u2013 chez nous, vous trouverez le mat\u00e9riau id\u00e9al pour chaque projet.<\/p><p>Laissez-vous inspirer par notre diversit\u00e9 d\u2019\u00e9chantillons, de surfaces et d\u2019essences de bois. Notre \u00e9quipe exp\u00e9riment\u00e9e se fera un plaisir de vous conseiller afin de trouver ensemble la solution parfaite pour votre maison ou votre projet de construction.<\/p><p>Venez nous rendre visite et vivez le bois avec tous vos sens \u2013 nous nous r\u00e9jouissons de votre visite\u00a0!<\/p>\t\t\t\t\t\t\t\t<\/div>\n\t\t\t\t<\/div>\n\t\t\t\t<div class=\"elementor-element elementor-element-6cc8e4b elementor-widget elementor-widget-gallery\" data-id=\"6cc8e4b\" data-element_type=\"widget\" data-e-type=\"widget\" data-settings=\"{&quot;gap&quot;:{&quot;unit&quot;:&quot;px&quot;,&quot;size&quot;:20,&quot;sizes&quot;:[]},&quot;lazyload&quot;:&quot;yes&quot;,&quot;gallery_layout&quot;:&quot;grid&quot;,&quot;columns&quot;:4,&quot;columns_tablet&quot;:2,&quot;columns_mobile&quot;:1,&quot;gap_tablet&quot;:{&quot;unit&quot;:&quot;px&quot;,&quot;size&quot;:10,&quot;sizes&quot;:[]},&quot;gap_mobile&quot;:{&quot;unit&quot;:&quot;px&quot;,&quot;size&quot;:10,&quot;sizes&quot;:[]},&quot;link_to&quot;:&quot;file&quot;,&quot;aspect_ratio&quot;:&quot;3:2&quot;,&quot;overlay_background&quot;:&quot;yes&quot;,&quot;content_hover_animation&quot;:&quot;fade-in&quot;}\" data-widget_type=\"gallery.default\">\n\t\t\t\t<div class=\"elementor-widget-container\">\n\t\t\t\t\t\t\t<div class=\"elementor-gallery__container\">\n\t\t\t\t\t\t\t<a class=\"e-gallery-item elementor-gallery-item elementor-animated-content\" href=\"https:\/\/zanellaholz.ch\/wp-content\/uploads\/2023\/04\/Zanella-Holz-AG-Ausstellung-1.jpg\" data-elementor-open-lightbox=\"yes\" data-elementor-lightbox-slideshow=\"6cc8e4b\" data-e-action-hash=\"#elementor-action%3Aaction%3Dlightbox%26settings%3DeyJpZCI6NzcxLCJ1cmwiOiJodHRwczpcL1wvemFuZWxsYWhvbHouY2hcL3dwLWNvbnRlbnRcL3VwbG9hZHNcLzIwMjNcLzA0XC9aYW5lbGxhLUhvbHotQUctQXVzc3RlbGx1bmctMS5qcGciLCJzbGlkZXNob3ciOiI2Y2M4ZTRiIn0%3D\">\n\t\t\t\t\t<div class=\"e-gallery-image elementor-gallery-item__image\" data-thumbnail=\"https:\/\/zanellaholz.ch\/wp-content\/uploads\/2023\/04\/Zanella-Holz-AG-Ausstellung-1-300x225.jpg\" data-width=\"300\" data-height=\"225\" aria-label=\"\" role=\"img\" ><\/div>\n\t\t\t\t\t\t\t\t\t\t\t<div class=\"elementor-gallery-item__overlay\"><\/div>\n\t\t\t\t\t\t\t\t\t\t\t\t\t\t<\/a>\n\t\t\t\t\t\t\t<a class=\"e-gallery-item elementor-gallery-item elementor-animated-content\" href=\"https:\/\/zanellaholz.ch\/wp-content\/uploads\/2023\/04\/Zanella-Holz-AG-Ausstellung-5.jpg\" data-elementor-open-lightbox=\"yes\" data-elementor-lightbox-slideshow=\"6cc8e4b\" data-e-action-hash=\"#elementor-action%3Aaction%3Dlightbox%26settings%3DeyJpZCI6Nzc1LCJ1cmwiOiJodHRwczpcL1wvemFuZWxsYWhvbHouY2hcL3dwLWNvbnRlbnRcL3VwbG9hZHNcLzIwMjNcLzA0XC9aYW5lbGxhLUhvbHotQUctQXVzc3RlbGx1bmctNS5qcGciLCJzbGlkZXNob3ciOiI2Y2M4ZTRiIn0%3D\">\n\t\t\t\t\t<div class=\"e-gallery-image elementor-gallery-item__image\" data-thumbnail=\"https:\/\/zanellaholz.ch\/wp-content\/uploads\/2023\/04\/Zanella-Holz-AG-Ausstellung-5-300x225.jpg\" data-width=\"300\" data-height=\"225\" aria-label=\"\" role=\"img\" ><\/div>\n\t\t\t\t\t\t\t\t\t\t\t<div class=\"elementor-gallery-item__overlay\"><\/div>\n\t\t\t\t\t\t\t\t\t\t\t\t\t\t<\/a>\n\t\t\t\t\t\t\t<a class=\"e-gallery-item elementor-gallery-item elementor-animated-content\" href=\"https:\/\/zanellaholz.ch\/wp-content\/uploads\/2023\/04\/Zanella-Holz-AG-Ausstellung-4.jpg\" data-elementor-open-lightbox=\"yes\" data-elementor-lightbox-slideshow=\"6cc8e4b\" data-e-action-hash=\"#elementor-action%3Aaction%3Dlightbox%26settings%3DeyJpZCI6Nzc0LCJ1cmwiOiJodHRwczpcL1wvemFuZWxsYWhvbHouY2hcL3dwLWNvbnRlbnRcL3VwbG9hZHNcLzIwMjNcLzA0XC9aYW5lbGxhLUhvbHotQUctQXVzc3RlbGx1bmctNC5qcGciLCJzbGlkZXNob3ciOiI2Y2M4ZTRiIn0%3D\">\n\t\t\t\t\t<div class=\"e-gallery-image elementor-gallery-item__image\" data-thumbnail=\"https:\/\/zanellaholz.ch\/wp-content\/uploads\/2023\/04\/Zanella-Holz-AG-Ausstellung-4-300x225.jpg\" data-width=\"300\" data-height=\"225\" aria-label=\"\" role=\"img\" ><\/div>\n\t\t\t\t\t\t\t\t\t\t\t<div class=\"elementor-gallery-item__overlay\"><\/div>\n\t\t\t\t\t\t\t\t\t\t\t\t\t\t<\/a>\n\t\t\t\t\t\t\t<a class=\"e-gallery-item elementor-gallery-item elementor-animated-content\" href=\"https:\/\/zanellaholz.ch\/wp-content\/uploads\/2023\/04\/Zanella-Holz-AG-Ausstellung-3.jpg\" data-elementor-open-lightbox=\"yes\" data-elementor-lightbox-slideshow=\"6cc8e4b\" data-e-action-hash=\"#elementor-action%3Aaction%3Dlightbox%26settings%3DeyJpZCI6NzczLCJ1cmwiOiJodHRwczpcL1wvemFuZWxsYWhvbHouY2hcL3dwLWNvbnRlbnRcL3VwbG9hZHNcLzIwMjNcLzA0XC9aYW5lbGxhLUhvbHotQUctQXVzc3RlbGx1bmctMy5qcGciLCJzbGlkZXNob3ciOiI2Y2M4ZTRiIn0%3D\">\n\t\t\t\t\t<div class=\"e-gallery-image elementor-gallery-item__image\" data-thumbnail=\"https:\/\/zanellaholz.ch\/wp-content\/uploads\/2023\/04\/Zanella-Holz-AG-Ausstellung-3-300x225.jpg\" data-width=\"300\" data-height=\"225\" aria-label=\"\" role=\"img\" ><\/div>\n\t\t\t\t\t\t\t\t\t\t\t<div class=\"elementor-gallery-item__overlay\"><\/div>\n\t\t\t\t\t\t\t\t\t\t\t\t\t\t<\/a>\n\t\t\t\t\t<\/div>\n\t\t\t\t\t<\/div>\n\t\t\t\t<\/div>\n\t\t\t\t\t<\/div>\n\t\t\t\t<\/div>\n\t\t<section class=\"elementor-element elementor-element-336fa80 boxshadow elementor-hidden-desktop elementor-hidden-tablet elementor-hidden-mobile e-flex e-con-boxed e-con e-parent\" data-id=\"336fa80\" data-element_type=\"container\" data-e-type=\"container\">\n\t\t\t\t\t<div class=\"e-con-inner\">\n\t\t<div class=\"elementor-element elementor-element-94973c8 e-con-full e-flex e-con e-child\" data-id=\"94973c8\" data-element_type=\"container\" data-e-type=\"container\">\n\t\t\t\t<div class=\"elementor-element elementor-element-387f133 elementor-widget elementor-widget-shortcode\" data-id=\"387f133\" data-element_type=\"widget\" data-e-type=\"widget\" data-settings=\"{&quot;sticky&quot;:&quot;top&quot;,&quot;sticky_offset&quot;:150,&quot;sticky_parent&quot;:&quot;yes&quot;,&quot;sticky_on&quot;:[&quot;desktop&quot;,&quot;tablet&quot;,&quot;mobile&quot;],&quot;sticky_effects_offset&quot;:0,&quot;sticky_anchor_link_offset&quot;:0}\" data-widget_type=\"shortcode.default\">\n\t\t\t\t<div class=\"elementor-widget-container\">\n\t\t\t\t\t\t\t<div class=\"elementor-shortcode\"><form data-sf-form-id='1353' data-is-rtl='0' data-maintain-state='' data-results-url='https:\/\/zanellaholz.ch\/ausstellung\/' data-ajax-url='https:\/\/zanellaholz.ch\/ausstellung\/?sf_data=results' data-ajax-form-url='https:\/\/zanellaholz.ch\/fr\/?sfid=1353&amp;sf_action=get_data&amp;sf_data=form' data-display-result-method='elementor_loop_widget' data-use-history-api='1' data-template-loaded='0' data-lang-code='fr' data-ajax='1' data-ajax-data-type='html' data-ajax-links-selector='.search-filter-results-1353 a.page-numbers' data-ajax-target='.search-filter-results-1353' data-ajax-pagination-type='normal' data-update-ajax-url='1' data-only-results-ajax='1' data-scroll-to-pos='0' data-init-paged='1' data-auto-update='1' action='https:\/\/zanellaholz.ch\/ausstellung\/' method='post' class='searchandfilter' id='search-filter-form-1353' autocomplete='off' data-instance-count='1' data-infinite-scroll-container='.elementor-loop-container' data-infinite-scroll-result-class='.e-loop-item'><ul><li class=\"sf-field-post-meta-holzart_ausstellung\" data-sf-field-name=\"_sfm_holzart_ausstellung\" data-sf-field-type=\"post_meta\" data-sf-field-input-type=\"checkbox\" data-sf-meta-type=\"choice\"><h4>Verwendung<\/h4>\t\t<ul data-operator=\"and\" class=\"\">\n\t\t\t\t\t  <li class=\"sf-level-0 \" data-sf-count=\"-1\" data-sf-depth=\"0\"><input  class=\"sf-input-checkbox\" type=\"checkbox\" value=\"1\" name=\"_sfm_holzart_ausstellung[]\" id=\"sf-input-89cb53bb2ecb6946595b4c8f7e8278dd\"><label class=\"sf-label-checkbox\" for=\"sf-input-89cb53bb2ecb6946595b4c8f7e8278dd\">1<\/label><\/li><li class=\"sf-level-0 \" data-sf-count=\"-1\" data-sf-depth=\"0\"><input  class=\"sf-input-checkbox\" type=\"checkbox\" value=\"2\" name=\"_sfm_holzart_ausstellung[]\" id=\"sf-input-fdf3e454923d3f1f494b7587838c1fca\"><label class=\"sf-label-checkbox\" for=\"sf-input-fdf3e454923d3f1f494b7587838c1fca\">2<\/label><\/li><li class=\"sf-level-0 \" data-sf-count=\"-1\" data-sf-depth=\"0\"><input  class=\"sf-input-checkbox\" type=\"checkbox\" value=\"3\" name=\"_sfm_holzart_ausstellung[]\" id=\"sf-input-1dca927ab389cfe0eecdd0062035188a\"><label class=\"sf-label-checkbox\" for=\"sf-input-1dca927ab389cfe0eecdd0062035188a\">3<\/label><\/li><li class=\"sf-level-0 \" data-sf-count=\"-1\" data-sf-depth=\"0\"><input  class=\"sf-input-checkbox\" type=\"checkbox\" value=\"4\" name=\"_sfm_holzart_ausstellung[]\" id=\"sf-input-130eb0a0d07b9cd6acb179c44d1693e5\"><label class=\"sf-label-checkbox\" for=\"sf-input-130eb0a0d07b9cd6acb179c44d1693e5\">4<\/label><\/li><li class=\"sf-level-0 \" data-sf-count=\"-1\" data-sf-depth=\"0\"><input  class=\"sf-input-checkbox\" type=\"checkbox\" value=\"5\" name=\"_sfm_holzart_ausstellung[]\" id=\"sf-input-b0ec95b08dbe9a038ce0868b206b3ba7\"><label class=\"sf-label-checkbox\" for=\"sf-input-b0ec95b08dbe9a038ce0868b206b3ba7\">5<\/label><\/li>\t\t<\/ul>\n\t\t<\/li><li class=\"sf-field-post-meta-oberflache_ausstellung\" data-sf-field-name=\"_sfm_oberflache_ausstellung\" data-sf-field-type=\"post_meta\" data-sf-field-input-type=\"checkbox\" data-sf-meta-type=\"choice\"><h4>Holzart<\/h4>\t\t<ul data-operator=\"and\" class=\"\">\n\t\t\t\t\t  <li class=\"sf-level-0 \" data-sf-count=\"-1\" data-sf-depth=\"0\"><input  class=\"sf-input-checkbox\" type=\"checkbox\" value=\"1\" name=\"_sfm_oberflache_ausstellung[]\" id=\"sf-input-4b053b71799d13ae7347a8129da8097f\"><label class=\"sf-label-checkbox\" for=\"sf-input-4b053b71799d13ae7347a8129da8097f\">1<\/label><\/li><li class=\"sf-level-0 \" data-sf-count=\"-1\" data-sf-depth=\"0\"><input  class=\"sf-input-checkbox\" type=\"checkbox\" value=\"2\" name=\"_sfm_oberflache_ausstellung[]\" id=\"sf-input-1d8f4cae5eccbe9ed873129dfc65b933\"><label class=\"sf-label-checkbox\" for=\"sf-input-1d8f4cae5eccbe9ed873129dfc65b933\">2<\/label><\/li><li class=\"sf-level-0 \" data-sf-count=\"-1\" data-sf-depth=\"0\"><input  class=\"sf-input-checkbox\" type=\"checkbox\" value=\"3\" name=\"_sfm_oberflache_ausstellung[]\" id=\"sf-input-99f1ee10329fc3f56bcfdb135c97943d\"><label class=\"sf-label-checkbox\" for=\"sf-input-99f1ee10329fc3f56bcfdb135c97943d\">3<\/label><\/li><li class=\"sf-level-0 \" data-sf-count=\"-1\" data-sf-depth=\"0\"><input  class=\"sf-input-checkbox\" type=\"checkbox\" value=\"4\" name=\"_sfm_oberflache_ausstellung[]\" id=\"sf-input-c447351e4ae82719f4554c87cba28b1d\"><label class=\"sf-label-checkbox\" for=\"sf-input-c447351e4ae82719f4554c87cba28b1d\">4<\/label><\/li><li class=\"sf-level-0 \" data-sf-count=\"-1\" data-sf-depth=\"0\"><input  class=\"sf-input-checkbox\" type=\"checkbox\" value=\"5\" name=\"_sfm_oberflache_ausstellung[]\" id=\"sf-input-08b3e19feb783d874103d2b638448796\"><label class=\"sf-label-checkbox\" for=\"sf-input-08b3e19feb783d874103d2b638448796\">5<\/label><\/li><li class=\"sf-level-0 \" data-sf-count=\"-1\" data-sf-depth=\"0\"><input  class=\"sf-input-checkbox\" type=\"checkbox\" value=\"6\" name=\"_sfm_oberflache_ausstellung[]\" id=\"sf-input-4a4820d0b83426d39cd98ed90c0a5d4f\"><label class=\"sf-label-checkbox\" for=\"sf-input-4a4820d0b83426d39cd98ed90c0a5d4f\">6<\/label><\/li><li class=\"sf-level-0 \" data-sf-count=\"-1\" data-sf-depth=\"0\"><input  class=\"sf-input-checkbox\" type=\"checkbox\" value=\"8\" name=\"_sfm_oberflache_ausstellung[]\" id=\"sf-input-01296fed007ac6ba576bbca6ae9d40b1\"><label class=\"sf-label-checkbox\" for=\"sf-input-01296fed007ac6ba576bbca6ae9d40b1\">8<\/label><\/li>\t\t<\/ul>\n\t\t<\/li><li class=\"sf-field-post-meta-oberflachenbehandlung_ausstellung\" data-sf-field-name=\"_sfm_oberflachenbehandlung_ausstellung\" data-sf-field-type=\"post_meta\" data-sf-field-input-type=\"checkbox\" data-sf-meta-type=\"choice\"><h4>Oberfl\u00e4chenbehandlung<\/h4>\t\t<ul data-operator=\"and\" class=\"\">\n\t\t\t\t\t  <li class=\"sf-level-0 \" data-sf-count=\"-1\" data-sf-depth=\"0\"><input  class=\"sf-input-checkbox\" type=\"checkbox\" value=\"1\" name=\"_sfm_oberflachenbehandlung_ausstellung[]\" id=\"sf-input-a5bc3cff49ff0cafba71cf9cd8711d8f\"><label class=\"sf-label-checkbox\" for=\"sf-input-a5bc3cff49ff0cafba71cf9cd8711d8f\">1<\/label><\/li><li class=\"sf-level-0 \" data-sf-count=\"-1\" data-sf-depth=\"0\"><input  class=\"sf-input-checkbox\" type=\"checkbox\" value=\"16\" name=\"_sfm_oberflachenbehandlung_ausstellung[]\" id=\"sf-input-1c7b1e673098888d66cb61a12ebefd40\"><label class=\"sf-label-checkbox\" for=\"sf-input-1c7b1e673098888d66cb61a12ebefd40\">16<\/label><\/li><li class=\"sf-level-0 \" data-sf-count=\"-1\" data-sf-depth=\"0\"><input  class=\"sf-input-checkbox\" type=\"checkbox\" value=\"17\" name=\"_sfm_oberflachenbehandlung_ausstellung[]\" id=\"sf-input-b38d192e5f275d02c146b8d88d29f141\"><label class=\"sf-label-checkbox\" for=\"sf-input-b38d192e5f275d02c146b8d88d29f141\">17<\/label><\/li><li class=\"sf-level-0 \" data-sf-count=\"-1\" data-sf-depth=\"0\"><input  class=\"sf-input-checkbox\" type=\"checkbox\" value=\"2\" name=\"_sfm_oberflachenbehandlung_ausstellung[]\" id=\"sf-input-ac2e769453263f8aebe0d65a2bc5c587\"><label class=\"sf-label-checkbox\" for=\"sf-input-ac2e769453263f8aebe0d65a2bc5c587\">2<\/label><\/li><li class=\"sf-level-0 \" data-sf-count=\"-1\" data-sf-depth=\"0\"><input  class=\"sf-input-checkbox\" type=\"checkbox\" value=\"3\" name=\"_sfm_oberflachenbehandlung_ausstellung[]\" id=\"sf-input-99e5666fcab74e8afa4833b6dfe1d4e7\"><label class=\"sf-label-checkbox\" for=\"sf-input-99e5666fcab74e8afa4833b6dfe1d4e7\">3<\/label><\/li><li class=\"sf-level-0 \" data-sf-count=\"-1\" data-sf-depth=\"0\"><input  class=\"sf-input-checkbox\" type=\"checkbox\" value=\"4\" name=\"_sfm_oberflachenbehandlung_ausstellung[]\" id=\"sf-input-ed277490acac09656c721b9c26c260d0\"><label class=\"sf-label-checkbox\" for=\"sf-input-ed277490acac09656c721b9c26c260d0\">4<\/label><\/li><li class=\"sf-level-0 \" data-sf-count=\"-1\" data-sf-depth=\"0\"><input  class=\"sf-input-checkbox\" type=\"checkbox\" value=\"5\" name=\"_sfm_oberflachenbehandlung_ausstellung[]\" id=\"sf-input-7ac83a2c714f3bf4327c60c06ca0228c\"><label class=\"sf-label-checkbox\" for=\"sf-input-7ac83a2c714f3bf4327c60c06ca0228c\">5<\/label><\/li>\t\t<\/ul>\n\t\t<\/li><\/ul><\/form><\/div>\n\t\t\t\t\t\t<\/div>\n\t\t\t\t<\/div>\n\t\t\t\t<\/div>\n\t\t<div class=\"elementor-element elementor-element-27ffbb1 e-con-full e-flex e-con e-child\" data-id=\"27ffbb1\" data-element_type=\"container\" data-e-type=\"container\">\n\t\t\t\t<div class=\"search-filter-results-1353 elementor-element elementor-element-14167e1 elementor-grid-3 elementor-grid-tablet-2 elementor-grid-mobile-1 elementor-widget elementor-widget-loop-grid\" data-id=\"14167e1\" data-element_type=\"widget\" data-e-type=\"widget\" data-settings=\"{&quot;template_id&quot;:1429,&quot;columns&quot;:3,&quot;_skin&quot;:&quot;post&quot;,&quot;columns_tablet&quot;:&quot;2&quot;,&quot;columns_mobile&quot;:&quot;1&quot;,&quot;edit_handle_selector&quot;:&quot;[data-elementor-type=\\&quot;loop-item\\&quot;]&quot;,&quot;row_gap&quot;:{&quot;unit&quot;:&quot;px&quot;,&quot;size&quot;:&quot;&quot;,&quot;sizes&quot;:[]},&quot;row_gap_tablet&quot;:{&quot;unit&quot;:&quot;px&quot;,&quot;size&quot;:&quot;&quot;,&quot;sizes&quot;:[]},&quot;row_gap_mobile&quot;:{&quot;unit&quot;:&quot;px&quot;,&quot;size&quot;:&quot;&quot;,&quot;sizes&quot;:[]}}\" data-widget_type=\"loop-grid.post\">\n\t\t\t\t<div class=\"elementor-widget-container\">\n\t\t\t\t\t<span data-search-filter-action=\"infinite-scroll-end\" class=\"search-filter-no-results-message\">Keine Produkte gefunden<\/span>\t\t\t\t<\/div>\n\t\t\t\t<\/div>\n\t\t\t\t<\/div>\n\t\t\t\t\t<\/div>\n\t\t\t\t<\/section>\n\t\t\t\t<\/div>\n\t\t","protected":false},"excerpt":{"rendered":"<p>Bienvenue dans notre exposition de produits en bois ! D\u00e9couvrez la beaut\u00e9 naturelle et la polyvalence du bois dans notre exposition. Qu\u2019il s\u2019agisse de bardage de fa\u00e7ade moderne, de terrasse durable, de lambris chaleureux ou de parquet haut de gamme \u2013 chez nous, vous trouverez le mat\u00e9riau id\u00e9al pour chaque projet. Laissez-vous inspirer par notre [&hellip;]<\/p>\n","protected":false},"author":1,"featured_media":0,"parent":0,"menu_order":0,"comment_status":"closed","ping_status":"closed","template":"","meta":{"_acf_changed":false,"footnotes":""},"class_list":["post-3499","page","type-page","status-publish","hentry"],"acf":[],"yoast_head":"<!-- This site is optimized with the Yoast SEO plugin v27.4 - https:\/\/yoast.com\/product\/yoast-seo-wordpress\/ -->\n<title>Exposition - Zanella Holz AG - Kompetent in Sachen Holz<\/title>\n<meta name=\"robots\" content=\"index, follow, max-snippet:-1, max-image-preview:large, max-video-preview:-1\" \/>\n<link rel=\"canonical\" href=\"https:\/\/zanellaholz.ch\/fr\/exposition\/\" \/>\n<meta property=\"og:locale\" content=\"fr_FR\" \/>\n<meta property=\"og:type\" content=\"article\" \/>\n<meta property=\"og:title\" content=\"Exposition - Zanella Holz AG - Kompetent in Sachen Holz\" \/>\n<meta property=\"og:description\" content=\"Bienvenue dans notre exposition de produits en bois ! D\u00e9couvrez la beaut\u00e9 naturelle et la polyvalence du bois dans notre exposition. Qu\u2019il s\u2019agisse de bardage de fa\u00e7ade moderne, de terrasse durable, de lambris chaleureux ou de parquet haut de gamme \u2013 chez nous, vous trouverez le mat\u00e9riau id\u00e9al pour chaque projet. Laissez-vous inspirer par notre [&hellip;]\" \/>\n<meta property=\"og:url\" content=\"https:\/\/zanellaholz.ch\/fr\/exposition\/\" \/>\n<meta property=\"og:site_name\" content=\"Zanella Holz AG - Kompetent in Sachen Holz\" \/>\n<meta property=\"article:modified_time\" content=\"2025-08-25T07:50:21+00:00\" \/>\n<meta name=\"twitter:card\" content=\"summary_large_image\" \/>\n<meta name=\"twitter:label1\" content=\"Dur\u00e9e de lecture estim\u00e9e\" \/>\n\t<meta name=\"twitter:data1\" content=\"1 minute\" \/>\n<script type=\"application\/ld+json\" class=\"yoast-schema-graph\">{\"@context\":\"https:\\\/\\\/schema.org\",\"@graph\":[{\"@type\":\"WebPage\",\"@id\":\"https:\\\/\\\/zanellaholz.ch\\\/fr\\\/exposition\\\/\",\"url\":\"https:\\\/\\\/zanellaholz.ch\\\/fr\\\/exposition\\\/\",\"name\":\"Exposition - Zanella Holz AG - Kompetent in Sachen Holz\",\"isPartOf\":{\"@id\":\"https:\\\/\\\/zanellaholz.ch\\\/#website\"},\"datePublished\":\"2023-04-07T13:04:25+00:00\",\"dateModified\":\"2025-08-25T07:50:21+00:00\",\"breadcrumb\":{\"@id\":\"https:\\\/\\\/zanellaholz.ch\\\/fr\\\/exposition\\\/#breadcrumb\"},\"inLanguage\":\"fr-FR\",\"potentialAction\":[{\"@type\":\"ReadAction\",\"target\":[\"https:\\\/\\\/zanellaholz.ch\\\/fr\\\/exposition\\\/\"]}]},{\"@type\":\"BreadcrumbList\",\"@id\":\"https:\\\/\\\/zanellaholz.ch\\\/fr\\\/exposition\\\/#breadcrumb\",\"itemListElement\":[{\"@type\":\"ListItem\",\"position\":1,\"name\":\"Startseite\",\"item\":\"https:\\\/\\\/zanellaholz.ch\\\/fr\\\/\"},{\"@type\":\"ListItem\",\"position\":2,\"name\":\"Exposition\"}]},{\"@type\":\"WebSite\",\"@id\":\"https:\\\/\\\/zanellaholz.ch\\\/#website\",\"url\":\"https:\\\/\\\/zanellaholz.ch\\\/\",\"name\":\"Zanella Holz AG - Kompetent in Sachen Holz\",\"description\":\"\",\"potentialAction\":[{\"@type\":\"SearchAction\",\"target\":{\"@type\":\"EntryPoint\",\"urlTemplate\":\"https:\\\/\\\/zanellaholz.ch\\\/?s={search_term_string}\"},\"query-input\":{\"@type\":\"PropertyValueSpecification\",\"valueRequired\":true,\"valueName\":\"search_term_string\"}}],\"inLanguage\":\"fr-FR\"}]}<\/script>\n<!-- \/ Yoast SEO plugin. -->","yoast_head_json":{"title":"Exposition - Zanella Holz AG - Kompetent in Sachen Holz","robots":{"index":"index","follow":"follow","max-snippet":"max-snippet:-1","max-image-preview":"max-image-preview:large","max-video-preview":"max-video-preview:-1"},"canonical":"https:\/\/zanellaholz.ch\/fr\/exposition\/","og_locale":"fr_FR","og_type":"article","og_title":"Exposition - Zanella Holz AG - Kompetent in Sachen Holz","og_description":"Bienvenue dans notre exposition de produits en bois ! D\u00e9couvrez la beaut\u00e9 naturelle et la polyvalence du bois dans notre exposition. Qu\u2019il s\u2019agisse de bardage de fa\u00e7ade moderne, de terrasse durable, de lambris chaleureux ou de parquet haut de gamme \u2013 chez nous, vous trouverez le mat\u00e9riau id\u00e9al pour chaque projet. Laissez-vous inspirer par notre [&hellip;]","og_url":"https:\/\/zanellaholz.ch\/fr\/exposition\/","og_site_name":"Zanella Holz AG - Kompetent in Sachen Holz","article_modified_time":"2025-08-25T07:50:21+00:00","twitter_card":"summary_large_image","twitter_misc":{"Dur\u00e9e de lecture estim\u00e9e":"1 minute"},"schema":{"@context":"https:\/\/schema.org","@graph":[{"@type":"WebPage","@id":"https:\/\/zanellaholz.ch\/fr\/exposition\/","url":"https:\/\/zanellaholz.ch\/fr\/exposition\/","name":"Exposition - Zanella Holz AG - Kompetent in Sachen Holz","isPartOf":{"@id":"https:\/\/zanellaholz.ch\/#website"},"datePublished":"2023-04-07T13:04:25+00:00","dateModified":"2025-08-25T07:50:21+00:00","breadcrumb":{"@id":"https:\/\/zanellaholz.ch\/fr\/exposition\/#breadcrumb"},"inLanguage":"fr-FR","potentialAction":[{"@type":"ReadAction","target":["https:\/\/zanellaholz.ch\/fr\/exposition\/"]}]},{"@type":"BreadcrumbList","@id":"https:\/\/zanellaholz.ch\/fr\/exposition\/#breadcrumb","itemListElement":[{"@type":"ListItem","position":1,"name":"Startseite","item":"https:\/\/zanellaholz.ch\/fr\/"},{"@type":"ListItem","position":2,"name":"Exposition"}]},{"@type":"WebSite","@id":"https:\/\/zanellaholz.ch\/#website","url":"https:\/\/zanellaholz.ch\/","name":"Zanella Holz AG - Kompetent in Sachen Holz","description":"","potentialAction":[{"@type":"SearchAction","target":{"@type":"EntryPoint","urlTemplate":"https:\/\/zanellaholz.ch\/?s={search_term_string}"},"query-input":{"@type":"PropertyValueSpecification","valueRequired":true,"valueName":"search_term_string"}}],"inLanguage":"fr-FR"}]}},"_links":{"self":[{"href":"https:\/\/zanellaholz.ch\/fr\/wp-json\/wp\/v2\/pages\/3499","targetHints":{"allow":["GET"]}}],"collection":[{"href":"https:\/\/zanellaholz.ch\/fr\/wp-json\/wp\/v2\/pages"}],"about":[{"href":"https:\/\/zanellaholz.ch\/fr\/wp-json\/wp\/v2\/types\/page"}],"author":[{"embeddable":true,"href":"https:\/\/zanellaholz.ch\/fr\/wp-json\/wp\/v2\/users\/1"}],"replies":[{"embeddable":true,"href":"https:\/\/zanellaholz.ch\/fr\/wp-json\/wp\/v2\/comments?post=3499"}],"version-history":[{"count":4,"href":"https:\/\/zanellaholz.ch\/fr\/wp-json\/wp\/v2\/pages\/3499\/revisions"}],"predecessor-version":[{"id":3503,"href":"https:\/\/zanellaholz.ch\/fr\/wp-json\/wp\/v2\/pages\/3499\/revisions\/3503"}],"wp:attachment":[{"href":"https:\/\/zanellaholz.ch\/fr\/wp-json\/wp\/v2\/media?parent=3499"}],"curies":[{"name":"wp","href":"https:\/\/api.w.org\/{rel}","templated":true}]}}